{"id":2099,"date":"2024-10-29T11:14:32","date_gmt":"2024-10-29T11:14:32","guid":{"rendered":"https:\/\/tinas-bunte-tierwelt.de\/?page_id=2099"},"modified":"2026-04-13T06:55:02","modified_gmt":"2026-04-13T06:55:02","slug":"ra-wichtige-informationen-zu-den-verkaufsstellen","status":"publish","type":"page","link":"https:\/\/tinas-bunte-tierwelt.de\/?page_id=2099","title":{"rendered":"Ra) Wichtige Informationen zu den Verkaufsstellen"},"content":{"rendered":"\n<p class=\"wp-block-paragraph\"><\/p>\n\n\n\n<p class=\"wp-block-paragraph\">In der Regel komme ich dienstags und donnerstags in die L\u00e4den um die Etiketten der verkauften Figuren abzuholen und die verkauften Figuren vom letzten Besuch wieder aufzuf\u00fcllen. Sollten Figuren ohne zu bezahlen mitgenommen werden, kann ich diese somit nicht auff\u00fcllen, da mir die Zeit fehlt zu \u00fcberpr\u00fcfen, ob weitere Figuren fehlen.<\/p>\n\n\n\n<p class=\"wp-block-paragraph\">Da ich nun am Dienstag und Donnerstag ausliefere, kann ich Sonderw\u00fcnsche (wenn diese bis Montag abend im Laden abgegeben wurden und es nicht zu viele sind \ud83d\ude09 ) am Mittwoch anfertigen und somit auch gleich am Donnerstag mit zu den L\u00e4den bringen.<\/p>\n\n\n\n<p class=\"wp-block-paragraph\"><strong>Sollten Sie Figuren in einer anderen Farbe w\u00fcnschen, ist dies m\u00f6glich, da es die selbe Arbeit ist, egal welche Farbe die Perlen haben. Dieser Sonderwunsch kostet nicht extra!<\/strong><\/p>\n\n\n\n<p class=\"wp-block-paragraph\"><strong>INFO: <\/strong><\/p>\n\n\n\n<p class=\"wp-block-paragraph\"><strong>Da es sich um einen Kommissionsverkauf handelt, liegt es beim Ladenbesitzer, ob er auf Bargeldzahlung besteht.<\/strong><\/p>\n\n\n\n<p class=\"wp-block-paragraph\"><strong>Sollten Sie bestimmte Figuren zu einem bestimmten Zeitpunkt ben\u00f6tigen, empfiehlt es sich, diese vorzubestellen, denn dann kann ich diese gezielt anfertigen.<\/strong><\/p>\n\n\n\n<p class=\"wp-block-paragraph\"><strong>Es entscheiden die L\u00e4den selbst, ob sie Bestellungen entgegennehmen und an mich weiterleiten. (Eventuell verschicken sie die Figuren auch, Preise bitte ich im Laden anzufragen.) Nachdem Sie die bestellten Figuren im Laden angesehen haben, k\u00f6nnen Sie sich entscheiden, ob Sie diese kaufen wollen.<\/strong> <strong><em><mark style=\"background-color:rgba(0, 0, 0, 0);color:#cf2e2e\" class=\"has-inline-color\">Wenn Sie sicher sein wollen, dass Ihre gew\u00fcnschten Figuren im Laden vorr\u00e4tig sind, sollten Sie diese immer vorab bestellen<\/mark><\/em><\/strong>.<\/p>\n\n\n\n<p class=\"wp-block-paragraph\"><strong>Bestellte Figuren k\u00f6nnen ausschlie\u00dflich im Laden, in welchem Sie die Bestellung aufgegeben haben, abgeholt werden. Es besteht keine M\u00f6glichkeit diese in meiner Wohnung abzuholen (Gr\u00fcnde sh. Kontakt).<\/strong><\/p>\n\n\n\n<p class=\"wp-block-paragraph\"><strong>\u00a9 2026 | Tina Hofmann | N\u00fcrnberg<\/strong><\/p>\n","protected":false},"excerpt":{"rendered":"<p>In der Regel komme ich dienstags und donnerstags in die L\u00e4den um die Etiketten der verkauften Figuren abzuholen und die verkauften Figuren vom letzten Besuch wieder aufzuf\u00fcllen. Sollten Figuren ohne zu bezahlen mitgenommen werden, kann ich diese somit nicht auff\u00fcllen, da mir die Zeit fehlt zu \u00fcberpr\u00fcfen, ob weitere Figuren fehlen. Da ich nun am [&hellip;]<\/p>\n","protected":false},"author":1,"featured_media":0,"parent":0,"menu_order":0,"comment_status":"closed","ping_status":"closed","template":"","meta":{"_crdt_document":"{\"document\":\"AAAG2cTJmg54cAikAaZKArwBugEEAgECCgBKABIBAgoCQkoAqgoBAgoCQkoAvAcBAgoCQkoAkAYBAgoCQkoAgAEBAgoCQkoAkAQBAgoCQkoArAUBAgoCQkoAqhEBAgoCQkoAggcBAgoCGgJeSgC0AQECCgBK8gEm1kEFqo0B1kGhASgDJwAEACcABACBAIQAgQAnACgEJwAoACcABwAoAycBKAAnAIcAKAMnAQQAKAAnAIcAKAMnAQQAKAAnAIcAKAMnAQQAKAAnAIcAKAMnAQQAKAAnAIcAKAMnAQQAKAAnAIcAKAMnAQQAKAAnAIcAKAMnAQQAKAAnAIcAKAMnAQQAKAAnAIcAKAMnAQQAhAEoACcAhwAoAycBKAAnACgBqADE4ivQKnN0YXRldmVyc2lvbmRvY3VtZW50ZGF0ZWRvY3VtZW50c2x1Z2RvY3VtZW50c3RhdHVzZG9jdW1lbnR0aXRsZVJhKSBXaWNodGlnZSBJbmZvcm1hdGlvbmVuIHp1IGRlbiBWZXJrYXVmc3N0ZWxsZW5kb2N1bWVudGNvbnRlbnQ8IS0tIHdwOnBhcmFncmFwaCAtLT4KPHA+PC9wPgo8IS0tIC93cDpwYXJhZ3JhcGggLS0+Cgo8IS0tIHdwOnBhcmFncmFwaCAtLT4KPHA+SW4gZGVyIFJlZ2VsIGtvbW1lIGljaCBkaWVuc3RhZ3MgdW5kIGRvbm5lcnN0YWdzIGluIGRpZSBMw6RkZW4gdW0gZGllIEV0aWtldHRlbiBkZXIgdmVya2F1ZnRlbiBGaWd1cmVuIGFienVob2xlbiB1bmQgZGllIHZlcmthdWZ0ZW4gRmlndXJlbiB2b20gbGV0enRlbiBCZXN1Y2ggd2llZGVyIGF1Znp1ZsO8bGxlbi4gU29sbHRlbiBGaWd1cmVuIG9obmUgenUgYmV6YWhsZW4gbWl0Z2Vub21tZW4gd2VyZGVuLCBrYW5uIGljaCBkaWVzZSBzb21pdCBuaWNodCBhdWZmw7xsbGVuLCBkYSBtaXIgZGllIFplaXQgZmVobHQgenUgw7xiZXJwcsO8ZmVuLCBvYiB3ZWl0ZXJlIEZpZ3VyZW4gZmVobGVuLjwvcD4KPCEtLSAvd3A6cGFyYWdyYXBoIC0tPgoKPCEtLSB3cDpwYXJhZ3JhcGggLS0+CjxwPkRhIGljaCBudW4gYW0gRGllbnN0YWcgdW5kIERvbm5lcnN0YWcgYXVzbGllZmVyZSwga2FubiBpY2ggU29uZGVyd8O8bnNjaGUgKHdlbm4gZGllc2UgYmlzIE1vbnRhZyBhYmVuZCBpbSBMYWRlbiBhYmdlZ2ViZW4gd3VyZGVuIHVuZCBlcyBuaWNodCB6dSB2aWVsZSBzaW5kIDstKSApIGFtIE1pdHR3b2NoIGFuZmVydGlnZW4gdW5kIHNvbWl0IGF1Y2ggZ2xlaWNoIGFtIERvbm5lcnN0YWcgbWl0IHp1IGRlbiBMw6RkZW4gYnJpbmdlbi48L3A+CjwhLS0gL3dwOnBhcmFncmFwaCAtLT4KCjwhLS0gd3A6cGFyYWdyYXBoIC0tPgo8cD48c3Ryb25nPlNvbGx0ZW4gU2llIEZpZ3VyZW4gaW4gZWluZXIgYW5kZXJlbiBGYXJiZSB3w7xuc2NoZW4sIGlzdCBkaWVzIG3DtmdsaWNoLCBkYSBlcyBkaWUgc2VsYmUgQXJiZWl0IGlzdCwgZWdhbCB3ZWxjaGUgRmFyYmUgZGllIFBlcmxlbiBoYWJlbi4gRGllc2VyIFNvbmRlcnd1bnNjaCBrb3N0ZXQgbmljaHQgZXh0cmEhPC9zdHJvbmc+PC9wPgo8IS0tIC93cDpwYXJhZ3JhcGggLS0+Cgo8IS0tIHdwOnBhcmFncmFwaCAtLT4KPHA+PHN0cm9uZz5JTkZPOiA8L3N0cm9uZz48L3A+CjwhLS0gL3dwOnBhcmFncmFwaCAtLT4KCjwhLS0gd3A6cGFyYWdyYXBoIC0tPgo8cD48c3Ryb25nPkRhIGVzIHNpY2ggdW0gZWluZW4gS29tbWlzc2lvbnN2ZXJrYXVmIGhhbmRlbHQsIGxpZWd0IGVzIGJlaW0gTGFkZW5iZXNpdHplciwgb2IgZXIgYXVmIEJhcmdlbGR6YWhsdW5nIGJlc3RlaHQuPC9zdHJvbmc+PC9wPgo8IS0tIC93cDpwYXJhZ3JhcGggLS0+Cgo8IS0tIHdwOnBhcmFncmFwaCAtLT4KPHA+PHN0cm9uZz5Tb2xsdGVuIFNpZSBiZXN0aW1tdGUgRmlndXJlbiB6dSBlaW5lbSBiZXN0aW1tdGVuIFplaXRwdW5rdCBiZW7DtnRpZ2VuLCBlbXBmaWVobHQgZXMgc2ljaCwgZGllc2Ugdm9yenViZXN0ZWxsZW4sIGRlbm4gZGFubiBrYW5uIGljaCBkaWVzZSBnZXppZWx0IGFuZmVydGlnZW4uPC9zdHJvbmc+PC9wPgo8IS0tIC93cDpwYXJhZ3JhcGggLS0+Cgo8IS0tIHdwOnBhcmFncmFwaCAtLT4KPHA+PHN0cm9uZz5FcyBlbnRzY2hlaWRlbiBkaWUgTMOkZGVuIHNlbGJzdCwgb2Igc2llIEJlc3RlbGx1bmdlbiBlbnRnZWdlbm5laG1lbiB1bmQgYW4gbWljaCB3ZWl0ZXJsZWl0ZW4uIChFdmVudHVlbGwgdmVyc2NoaWNrZW4gc2llIGRpZSBGaWd1cmVuIGF1Y2gsIFByZWlzZSBiaXR0ZSBpY2ggaW0gTGFkZW4gYW56dWZyYWdlbi4pIE5hY2hkZW0gU2llIGRpZSBiZXN0ZWxsdGVuIEZpZ3VyZW4gaW0gTGFkZW4gYW5nZXNlaGVuIGhhYmVuLCBrw7ZubmVuIFNpZSBzaWNoIGVudHNjaGVpZGVuLCBvYiBTaWUgZGllc2Uga2F1ZmVuIHdvbGxlbi48L3N0cm9uZz4gPHN0cm9uZz48ZW0+PG1hcmsgc3R5bGU9ImJhY2tncm91bmQtY29sb3I6cmdiYSgwLCAwLCAwLCAwKTtjb2xvcjojY2YyZTJlIiBjbGFzcz0iaGFzLWlubGluZS1jb2xvciI+V2VubiBTaWUgc2ljaGVyIHNlaW4gd29sbGVuLCBkYXNzIElocmUgZ2V3w7xuc2NodGVuIEZpZ3VyZW4gaW0gTGFkZW4gdm9ycsOkdGlnIHNpbmQsIHNvbGx0ZW4gU2llIGRpZXNlIGltbWVyIHZvcmFiIGJlc3RlbGxlbjwvbWFyaz48L2VtPjwvc3Ryb25nPi48L3A+CjwhLS0gL3dwOnBhcmFncmFwaCAtLT4KCjwhLS0gd3A6cGFyYWdyYXBoIC0tPgo8cD48c3Ryb25nPkJlc3RlbGx0ZSBGaWd1cmVuIGvDtm5uZW4gYXVzc2NobGllw59saWNoIGltIExhZGVuLCBpbiB3ZWxjaGVtIFNpZSBkaWUgQmVzdGVsbHVuZyBhdWZnZWdlYmVuIGhhYmVuLCBhYmdlaG9sdCB3ZXJkZW4uIEVzIGJlc3RlaHQga2VpbmUgTcO2Z2xpY2hrZWl0IGRpZXNlIGluIG1laW5lciBXb2hudW5nIGFienVob2xlbiAoR3LDvG5kZSBzaC4gS29udGFrdCkuPC9zdHJvbmc+PC9wPgo8IS0tIC93cDpwYXJhZ3JhcGggLS0+Cgo8IS0tIHdwOnBhcmFncmFwaCAtLT4KPHA+PHN0cm9uZz7CqSAyMDIgfCBUaW5hIEhvZm1hbm4gfCBOw7xybmJlcmc8L3N0cm9uZz48L3A+CjwhLS0gL3dwOnBhcmFncmFwaCAtLT5kb2N1bWVudGV4Y2VycHRkb2N1bWVudGF1dGhvcmRvY3VtZW50ZmVhdHVyZWRfbWVkaWFkb2N1bWVudGNvbW1lbnRfc3RhdHVzZG9jdW1lbnRwaW5nX3N0YXR1c2RvY3VtZW50dGVtcGxhdGVkb2N1bWVudG1ldGFmb290bm90ZXNkb2N1bWVudGJsb2Nrc2NsaWVudElkaXNWYWxpZG9yaWdpbmFsQ29udGVudG5hbWVhdHRyaWJ1dGVzY29udGVudGRyb3BDYXBpbm5lckJsb2Nrc2NsaWVudElkaXNWYWxpZG9yaWdpbmFsQ29udGVudG5hbWVhdHRyaWJ1dGVzY29udGVudEluIGRlciBSZWdlbCBrb21tZSBpY2ggZGllbnN0YWdzIHVuZCBkb25uZXJzdGFncyBpbiBkaWUgTMOkZGVuIHVtIGRpZSBFdGlrZXR0ZW4gZGVyIHZlcmthdWZ0ZW4gRmlndXJlbiBhYnp1aG9sZW4gdW5kIGRpZSB2ZXJrYXVmdGVuIEZpZ3VyZW4gdm9tIGxldHp0ZW4gQmVzdWNoIHdpZWRlciBhdWZ6dWbDvGxsZW4uIFNvbGx0ZW4gRmlndXJlbiBvaG5lIHp1IGJlemFobGVuIG1pdGdlbm9tbWVuIHdlcmRlbiwga2FubiBpY2ggZGllc2Ugc29taXQgbmljaHQgYXVmZsO8bGxlbiwgZGEgbWlyIGRpZSBaZWl0IGZlaGx0IHp1IMO8YmVycHLDvGZlbiwgb2Igd2VpdGVyZSBGaWd1cmVuIGZlaGxlbi5kcm9wQ2FwaW5uZXJCbG9ja3NjbGllbnRJZGlzVmFsaWRvcmlnaW5hbENvbnRlbnRuYW1lYXR0cmlidXRlc2NvbnRlbnREYSBpY2ggbnVuIGFtIERpZW5zdGFnIHVuZCBEb25uZXJzdGFnIGF1c2xpZWZlcmUsIGthbm4gaWNoIFNvbmRlcnfDvG5zY2hlICh3ZW5uIGRpZXNlIGJpcyBNb250YWcgYWJlbmQgaW0gTGFkZW4gYWJnZWdlYmVuIHd1cmRlbiB1bmQgZXMgbmljaHQgenUgdmllbGUgc2luZCA7LSkgKSBhbSBNaXR0d29jaCBhbmZlcnRpZ2VuIHVuZCBzb21pdCBhdWNoIGdsZWljaCBhbSBEb25uZXJzdGFnIG1pdCB6dSBkZW4gTMOkZGVuIGJyaW5nZW4uZHJvcENhcGlubmVyQmxvY2tzY2xpZW50SWRpc1ZhbGlkb3JpZ2luYWxDb250ZW50bmFtZWF0dHJpYnV0ZXNjb250ZW50PHN0cm9uZz5Tb2xsdGVuIFNpZSBGaWd1cmVuIGluIGVpbmVyIGFuZGVyZW4gRmFyYmUgd8O8bnNjaGVuLCBpc3QgZGllcyBtw7ZnbGljaCwgZGEgZXMgZGllIHNlbGJlIEFyYmVpdCBpc3QsIGVnYWwgd2VsY2hlIEZhcmJlIGRpZSBQZXJsZW4gaGFiZW4uIERpZXNlciBTb25kZXJ3dW5zY2gga29zdGV0IG5pY2h0IGV4dHJhITwvc3Ryb25nPmRyb3BDYXBpbm5lckJsb2Nrc2NsaWVudElkaXNWYWxpZG9yaWdpbmFsQ29udGVudG5hbWVhdHRyaWJ1dGVzY29udGVudDxzdHJvbmc+SU5GTzogPC9zdHJvbmc+ZHJvcENhcGlubmVyQmxvY2tzY2xpZW50SWRpc1ZhbGlkb3JpZ2luYWxDb250ZW50bmFtZWF0dHJpYnV0ZXNjb250ZW50PHN0cm9uZz5EYSBlcyBzaWNoIHVtIGVpbmVuIEtvbW1pc3Npb25zdmVya2F1ZiBoYW5kZWx0LCBsaWVndCBlcyBiZWltIExhZGVuYmVzaXR6ZXIsIG9iIGVyIGF1ZiBCYXJnZWxkemFobHVuZyBiZXN0ZWh0Ljwvc3Ryb25nPmRyb3BDYXBpbm5lckJsb2Nrc2NsaWVudElkaXNWYWxpZG9yaWdpbmFsQ29udGVudG5hbWVhdHRyaWJ1dGVzY29udGVudDxzdHJvbmc+U29sbHRlbiBTaWUgYmVzdGltbXRlIEZpZ3VyZW4genUgZWluZW0gYmVzdGltbXRlbiBaZWl0cHVua3QgYmVuw7Z0aWdlbiwgZW1wZmllaGx0IGVzIHNpY2gsIGRpZXNlIHZvcnp1YmVzdGVsbGVuLCBkZW5uIGRhbm4ga2FubiBpY2ggZGllc2UgZ2V6aWVsdCBhbmZlcnRpZ2VuLjwvc3Ryb25nPmRyb3BDYXBpbm5lckJsb2Nrc2NsaWVudElkaXNWYWxpZG9yaWdpbmFsQ29udGVudG5hbWVhdHRyaWJ1dGVzY29udGVudDxzdHJvbmc+RXMgZW50c2NoZWlkZW4gZGllIEzDpGRlbiBzZWxic3QsIG9iIHNpZSBCZXN0ZWxsdW5nZW4gZW50Z2VnZW5uZWhtZW4gdW5kIGFuIG1pY2ggd2VpdGVybGVpdGVuLiAoRXZlbnR1ZWxsIHZlcnNjaGlja2VuIHNpZSBkaWUgRmlndXJlbiBhdWNoLCBQcmVpc2UgYml0dGUgaWNoIGltIExhZGVuIGFuenVmcmFnZW4uKSBOYWNoZGVtIFNpZSBkaWUgYmVzdGVsbHRlbiBGaWd1cmVuIGltIExhZGVuIGFuZ2VzZWhlbiBoYWJlbiwga8O2bm5lbiBTaWUgc2ljaCBlbnRzY2hlaWRlbiwgb2IgU2llIGRpZXNlIGthdWZlbiB3b2xsZW4uPC9zdHJvbmc+IDxzdHJvbmc+PGVtPjxtYXJrIHN0eWxlPSJiYWNrZ3JvdW5kLWNvbG9yOnJnYmEoMCwgMCwgMCwgMCk7Y29sb3I6I2NmMmUyZSIgY2xhc3M9Imhhcy1pbmxpbmUtY29sb3IiPldlbm4gU2llIHNpY2hlciBzZWluIHdvbGxlbiwgZGFzcyBJaHJlIGdld8O8bnNjaHRlbiBGaWd1cmVuIGltIExhZGVuIHZvcnLDpHRpZyBzaW5kLCBzb2xsdGVuIFNpZSBkaWVzZSBpbW1lciB2b3JhYiBiZXN0ZWxsZW48L21hcms+PC9lbT48L3N0cm9uZz4uZHJvcENhcGlubmVyQmxvY2tzY2xpZW50SWRpc1ZhbGlkb3JpZ2luYWxDb250ZW50bmFtZWF0dHJpYnV0ZXNjb250ZW50PHN0cm9uZz5CZXN0ZWxsdGUgRmlndXJlbiBrw7ZubmVuIGF1c3NjaGxpZcOfbGljaCBpbSBMYWRlbiwgaW4gd2VsY2hlbSBTaWUgZGllIEJlc3RlbGx1bmcgYXVmZ2VnZWJlbiBoYWJlbiwgYWJnZWhvbHQgd2VyZGVuLiBFcyBiZXN0ZWh0IGtlaW5lIE3DtmdsaWNoa2VpdCBkaWVzZSBpbiBtZWluZXIgV29obnVuZyBhYnp1aG9sZW4gKEdyw7xuZGUgc2guIEtvbnRha3QpLjwvc3Ryb25nPmRyb3BDYXBpbm5lckJsb2Nrc2NsaWVudElkaXNWYWxpZG9yaWdpbmFsQ29udGVudG5hbWVhdHRyaWJ1dGVzY29udGVudDxzdHJvbmc+wqkgMjAyNSB8IFRpbmEgSG9mbWFubiB8IE7DvHJuYmVyZzwvc3Ryb25nPmRyb3BDYXBpbm5lckJsb2Nrc2NsaWVudElkaXNWYWxpZG9yaWdpbmFsQ29udGVudG5hbWVhdHRyaWJ1dGVzY29udGVudGRyb3BDYXBpbm5lckJsb2Nrc3N0YXRlc2F2ZWRBdHN0YXRlc2F2ZWRCeTY2BQcIBAgECAYIBTEIB5MlPggHCAYIDggOCAtIAQQJCAYIBw8ECkcACwgHDwQKB4wFBwsIBw8ECge1AwcLCAcPBAoHvwIHCwgHDwQKBxcHCwgHDwQKB78BBwsIBw8ECgetAgcLCAcPBAoHrAgHCwgHDwQKB5gDBwsIBw8ECgcNASMHCwgHDwQKRwALBQcFB0EAEQEEAAABAAAAAQYAAAEAAGEBMEIBAQBBAAIAQQACAEEAAgBBAAIAQQACAEEAAgBBAAIAQQACAEEAAgBBAAIAQQACAAVBAzZBPgGHAQB9AXcTMjAyNC0xMC0yOVQxMToxNDozMncwcmEtd2ljaHRpZ2UtaW5mb3JtYXRpb25lbi16dS1kZW4tdmVya2F1ZnNzdGVsbGVudwdwdWJsaXNofQF9AHcGY2xvc2VkdwZjbG9zZWR3AHcAdyQzNDNhYzA0MC1jMTMzLTRjNjMtYTdjNS0yZjM0NDZkMDQyODJ4dwc8cD48L3A+dw5jb3JlL3BhcmFncmFwaHl3JGI1YmExMzE1LWFmM2QtNDY0Zi04M2Y1LTVhMDI2M2M4NGQ2MXh32AI8cD5JbiBkZXIgUmVnZWwga29tbWUgaWNoIGRpZW5zdGFncyB1bmQgZG9ubmVyc3RhZ3MgaW4gZGllIEzDpGRlbiB1bSBkaWUgRXRpa2V0dGVuIGRlciB2ZXJrYXVmdGVuIEZpZ3VyZW4gYWJ6dWhvbGVuIHVuZCBkaWUgdmVya2F1ZnRlbiBGaWd1cmVuIHZvbSBsZXR6dGVuIEJlc3VjaCB3aWVkZXIgYXVmenVmw7xsbGVuLiBTb2xsdGVuIEZpZ3VyZW4gb2huZSB6dSBiZXphaGxlbiBtaXRnZW5vbW1lbiB3ZXJkZW4sIGthbm4gaWNoIGRpZXNlIHNvbWl0IG5pY2h0IGF1ZmbDvGxsZW4sIGRhIG1pciBkaWUgWmVpdCBmZWhsdCB6dSDDvGJlcnByw7xmZW4sIG9iIHdlaXRlcmUgRmlndXJlbiBmZWhsZW4uPC9wPncOY29yZS9wYXJhZ3JhcGh5dyQwZTNlZDk1Yy0xMDgxLTRlN2YtYjMyZi0wYjc5MmI5OGM4NGR4d\/4BPHA+RGEgaWNoIG51biBhbSBEaWVuc3RhZyB1bmQgRG9ubmVyc3RhZyBhdXNsaWVmZXJlLCBrYW5uIGljaCBTb25kZXJ3w7xuc2NoZSAod2VubiBkaWVzZSBiaXMgTW9udGFnIGFiZW5kIGltIExhZGVuIGFiZ2VnZWJlbiB3dXJkZW4gdW5kIGVzIG5pY2h0IHp1IHZpZWxlIHNpbmQgOy0pICkgYW0gTWl0dHdvY2ggYW5mZXJ0aWdlbiB1bmQgc29taXQgYXVjaCBnbGVpY2ggYW0gRG9ubmVyc3RhZyBtaXQgenUgZGVuIEzDpGRlbiBicmluZ2VuLjwvcD53DmNvcmUvcGFyYWdyYXBoeXckODQ4ZTdmZWQtNTZjNS00MGU4LThmZDUtZTg3YjI2YjZlNzZheHfIATxwPjxzdHJvbmc+U29sbHRlbiBTaWUgRmlndXJlbiBpbiBlaW5lciBhbmRlcmVuIEZhcmJlIHfDvG5zY2hlbiwgaXN0IGRpZXMgbcO2Z2xpY2gsIGRhIGVzIGRpZSBzZWxiZSBBcmJlaXQgaXN0LCBlZ2FsIHdlbGNoZSBGYXJiZSBkaWUgUGVybGVuIGhhYmVuLiBEaWVzZXIgU29uZGVyd3Vuc2NoIGtvc3RldCBuaWNodCBleHRyYSE8L3N0cm9uZz48L3A+dw5jb3JlL3BhcmFncmFwaHl3JGQ2OWFlNDE0LTk4MWMtNDhjNi1iODE4LWQxMTk1NWI3NWI2M3h3HjxwPjxzdHJvbmc+SU5GTzogPC9zdHJvbmc+PC9wPncOY29yZS9wYXJhZ3JhcGh5dyRjMjBkNzhiYS1mY2MxLTQzMTQtOGE0ZS1lMTFkOWVhNWM0NzR4d4YBPHA+PHN0cm9uZz5EYSBlcyBzaWNoIHVtIGVpbmVuIEtvbW1pc3Npb25zdmVya2F1ZiBoYW5kZWx0LCBsaWVndCBlcyBiZWltIExhZGVuYmVzaXR6ZXIsIG9iIGVyIGF1ZiBCYXJnZWxkemFobHVuZyBiZXN0ZWh0Ljwvc3Ryb25nPjwvcD53DmNvcmUvcGFyYWdyYXBoeXckZWE2YTYxYTktODY1OS00NWY5LWE5MTgtZWIwZjgwN2QxY2ExeHe1ATxwPjxzdHJvbmc+U29sbHRlbiBTaWUgYmVzdGltbXRlIEZpZ3VyZW4genUgZWluZW0gYmVzdGltbXRlbiBaZWl0cHVua3QgYmVuw7Z0aWdlbiwgZW1wZmllaGx0IGVzIHNpY2gsIGRpZXNlIHZvcnp1YmVzdGVsbGVuLCBkZW5uIGRhbm4ga2FubiBpY2ggZGllc2UgZ2V6aWVsdCBhbmZlcnRpZ2VuLjwvc3Ryb25nPjwvcD53DmNvcmUvcGFyYWdyYXBoeXckNGUwZGU5ZjEtN2E0NS00ODM2LThhMzItMmNmYTY3ODI0Njk2eHe3BDxwPjxzdHJvbmc+RXMgZW50c2NoZWlkZW4gZGllIEzDpGRlbiBzZWxic3QsIG9iIHNpZSBCZXN0ZWxsdW5nZW4gZW50Z2VnZW5uZWhtZW4gdW5kIGFuIG1pY2ggd2VpdGVybGVpdGVuLiAoRXZlbnR1ZWxsIHZlcnNjaGlja2VuIHNpZSBkaWUgRmlndXJlbiBhdWNoLCBQcmVpc2UgYml0dGUgaWNoIGltIExhZGVuIGFuenVmcmFnZW4uKSBOYWNoZGVtIFNpZSBkaWUgYmVzdGVsbHRlbiBGaWd1cmVuIGltIExhZGVuIGFuZ2VzZWhlbiBoYWJlbiwga8O2bm5lbiBTaWUgc2ljaCBlbnRzY2hlaWRlbiwgb2IgU2llIGRpZXNlIGthdWZlbiB3b2xsZW4uPC9zdHJvbmc+IDxzdHJvbmc+PGVtPjxtYXJrIHN0eWxlPSJiYWNrZ3JvdW5kLWNvbG9yOnJnYmEoMCwgMCwgMCwgMCk7Y29sb3I6I2NmMmUyZSIgY2xhc3M9Imhhcy1pbmxpbmUtY29sb3IiPldlbm4gU2llIHNpY2hlciBzZWluIHdvbGxlbiwgZGFzcyBJaHJlIGdld8O8bnNjaHRlbiBGaWd1cmVuIGltIExhZGVuIHZvcnLDpHRpZyBzaW5kLCBzb2xsdGVuIFNpZSBkaWVzZSBpbW1lciB2b3JhYiBiZXN0ZWxsZW48L21hcms+PC9lbT48L3N0cm9uZz4uPC9wPncOY29yZS9wYXJhZ3JhcGh5dyQzMjVhZDc5YS05MGM0LTRlZGEtYmE5ZC1hOThiODZiNWNlNzZ4d+MBPHA+PHN0cm9uZz5CZXN0ZWxsdGUgRmlndXJlbiBrw7ZubmVuIGF1c3NjaGxpZcOfbGljaCBpbSBMYWRlbiwgaW4gd2VsY2hlbSBTaWUgZGllIEJlc3RlbGx1bmcgYXVmZ2VnZWJlbiBoYWJlbiwgYWJnZWhvbHQgd2VyZGVuLiBFcyBiZXN0ZWh0IGtlaW5lIE3DtmdsaWNoa2VpdCBkaWVzZSBpbiBtZWluZXIgV29obnVuZyBhYnp1aG9sZW4gKEdyw7xuZGUgc2guIEtvbnRha3QpLjwvc3Ryb25nPjwvcD53DmNvcmUvcGFyYWdyYXBoeXckOGZkZTA0OTgtNTFkZC00ODE1LWJjMWMtYjY0MWIyNmFjZDMyeHc6PHA+PHN0cm9uZz7CqSAyMDI1IHwgVGluYSBIb2ZtYW5uIHwgTsO8cm5iZXJnPC9zdHJvbmc+PC9wPncOY29yZS9wYXJhZ3JhcGh5dyRlODM4MzBlMC1kNTVmLTQyYzItYWM1Yy1hYjFjZmY3NDk3ZGZ4dwc8cD48L3A+dw5jb3JlL3BhcmFncmFwaHl7QnnYWejZ8AB9mcTJmg53JGMwZGZlMmNlLTZmMjktNGFmMC05MmRmLTQ3ZjkwNTA2YTA0MwGZ4qSNBwWKEwA+NaIPABIAJQg=\",\"updateId\":728834940}","footnotes":""},"class_list":["post-2099","page","type-page","status-publish","hentry"],"_links":{"self":[{"href":"https:\/\/tinas-bunte-tierwelt.de\/index.php?rest_route=\/wp\/v2\/pages\/2099","targetHints":{"allow":["GET"]}}],"collection":[{"href":"https:\/\/tinas-bunte-tierwelt.de\/index.php?rest_route=\/wp\/v2\/pages"}],"about":[{"href":"https:\/\/tinas-bunte-tierwelt.de\/index.php?rest_route=\/wp\/v2\/types\/page"}],"author":[{"embeddable":true,"href":"https:\/\/tinas-bunte-tierwelt.de\/index.php?rest_route=\/wp\/v2\/users\/1"}],"replies":[{"embeddable":true,"href":"https:\/\/tinas-bunte-tierwelt.de\/index.php?rest_route=%2Fwp%2Fv2%2Fcomments&post=2099"}],"version-history":[{"count":7,"href":"https:\/\/tinas-bunte-tierwelt.de\/index.php?rest_route=\/wp\/v2\/pages\/2099\/revisions"}],"predecessor-version":[{"id":3300,"href":"https:\/\/tinas-bunte-tierwelt.de\/index.php?rest_route=\/wp\/v2\/pages\/2099\/revisions\/3300"}],"wp:attachment":[{"href":"https:\/\/tinas-bunte-tierwelt.de\/index.php?rest_route=%2Fwp%2Fv2%2Fmedia&parent=2099"}],"curies":[{"name":"wp","href":"https:\/\/api.w.org\/{rel}","templated":true}]}}