{"id":1183,"date":"2024-10-02T09:05:43","date_gmt":"2024-10-02T09:05:43","guid":{"rendered":"https:\/\/tinas-bunte-tierwelt.de\/?page_id=1183"},"modified":"2026-04-28T07:01:03","modified_gmt":"2026-04-28T07:01:03","slug":"preisliste","status":"publish","type":"page","link":"https:\/\/tinas-bunte-tierwelt.de\/?page_id=1183","title":{"rendered":"Q) Preisliste"},"content":{"rendered":"\n<p class=\"wp-block-paragraph\"><\/p>\n\n\n\n<p class=\"wp-block-paragraph\">WICHTIG: Weihnachtliche Figuren gibt es nur im Herbst bis Weihnachten in den L\u00e4den oder ganzj\u00e4hrig auf Anfrage.<\/p>\n\n\n\n<p class=\"wp-block-paragraph\">Wenn Sie sich \u00fcber die g\u00fcnstigen Preise wundern, werde ich diese hiermit begr\u00fcnden. Da ich schwer chronisch krank bin kann ich nicht mehr f\u00fcr meinen gesamten Lebensunterhalt selbst aufkommen, da ich auf den Arbeitsmarkt keine Chance mehr habe. Da Sie arbeiten gehen und dadurch f\u00fcr meinen Lebensunterhalt mit aufkommen, sind meine Preise als Dankesch\u00f6n f\u00fcr Sie gedacht.<\/p>\n\n\n\n<p class=\"wp-block-paragraph\">Aufgrund der gestiegenen Preise f\u00fcr Perlen und Messingdraht ist es mir nicht mehr m\u00f6glich einen Mengenrabatt zu geben.<\/p>\n\n\n\n<p class=\"wp-block-paragraph\"><strong>Es gelten folgende Preise:<\/strong><\/p>\n\n\n\n<p class=\"wp-block-paragraph\">Einzelne Figuren:<\/p>\n\n\n\n<p class=\"wp-block-paragraph\">Figuren mit den Buchstaben N, K, S und W             = 3,00 \u20ac<br>Figuren mit dem Buchstaben M                                  = 3,50 \u20ac<br>Figuren mit dem Buchstaben G                                  = 4,00 \u20ac<br>(W, M und G sind haupts\u00e4chlich weihnachtliche Artikel)<\/p>\n\n\n\n<p class=\"wp-block-paragraph\">Die unten genannten Preise gelten jeweils f\u00fcr ein St\u00fcck (auch bei Ohrringen oder Ohrclips). Der Preis ist inkl. einer Figur f\u00fcr 3,00 \u20ac. Sie k\u00f6nnen die Figuren selbst ausw\u00e4hlen aus meinem 3,00 \u20ac-Sortiment, ohne Aufpreis. Sollten Sie teuere Figuren w\u00e4hlen, erh\u00f6ht sich der Preis um die jeweilige Differenz.<\/p>\n\n\n\n<p class=\"wp-block-paragraph\"><br>Armband = 2,00 \u20ac<br>(L\u00e4nge ca. 17 cm, gilt auch f\u00fcr Armband mit Anh\u00e4nger)<br>Armband mit Anh\u00e4nger = 3,00 \u20ac<br>Kette = 3,00 \u20ac<br>(L\u00e4nge ca. 48 cm)<br>Kettenanh\u00e4nger = 3,00 \u20ac<br>Ohrringe = 3,00 \u20ac<br>(Ohrhaken sind aus Edelstahl)<br>Ohrclips = 3,00 \u20ac<br>(Ohrclips sind aus Edelstahl)<br>Broschen = 3,50 \u20ac<br>Charms = 3,50 \u20ac<br>Haarklammer = 3,50 \u20ac<br>Haarspangen = 3,50 \u20ac<br>Handyanh\u00e4nger = 3,50 \u20ac<br>Lesezeichen = 3,50 \u20ac<br>(L\u00e4nge ca. 32 cm)<br>Magnete = 3,50 \u20ac<br>Schl\u00fcsselanh\u00e4nger = 3,50 \u20ac<br>Zettelhalter = 4,50 \u20ac<\/p>\n\n\n\n<p class=\"wp-block-paragraph\"><strong>\u00a9 2026 | Tina Hofmann | N\u00fcrnberg<\/strong><\/p>\n","protected":false},"excerpt":{"rendered":"<p>WICHTIG: Weihnachtliche Figuren gibt es nur im Herbst bis Weihnachten in den L\u00e4den oder ganzj\u00e4hrig auf Anfrage. Wenn Sie sich \u00fcber die g\u00fcnstigen Preise wundern, werde ich diese hiermit begr\u00fcnden. Da ich schwer chronisch krank bin kann ich nicht mehr f\u00fcr meinen gesamten Lebensunterhalt selbst aufkommen, da ich auf den Arbeitsmarkt keine Chance mehr habe. [&hellip;]<\/p>\n","protected":false},"author":1,"featured_media":0,"parent":0,"menu_order":0,"comment_status":"closed","ping_status":"closed","template":"","meta":{"_crdt_document":"{\"document\":\"AADHAZTM0KYa9J6LvBYA1MzQphoFtJ6LvBaUzNCmGvSei7wWAdTM0KYaAfSei7wWBJTM0KYa9J6LvBYAlMzQphq0nou8FpTM0KYatJ6LvBbUzNCmGgD0nou8FgqUzNCmGrSei7wW1MzQphoM9J6LvBYA1MzQphoHtJ6LvBbUzNCmGhC0nou8FpTM0KYatJ6LvBaUzNCmGrSei7wW1MzQphoM9J6LvBYClMzQphr0nou8FgHUzNCmGiS0nou8FtTM0KYaA\/Sei7wWgAHrAYRjwmMBAQgASBK+bP5sELZsEgBG2mwESoo0BgIEChTINFxGMBwECgaGavRpAQIKAkJKpHTKagEAmgpYAOwVhBcC\/hayFxToAVQAgANaAGq8GwbMGY4Z3BpklAJQKgTYBgAYsgb8BIoD6hsAth8CGgAMkBTEHQLwGBysNAQDAgQGAhICBgK2CwKKAgQCAQIKAEoAEgECCgJCSgCwAwECCgJCSgC0CwECCgJCSgC+AwECCgJCSgCoAQECCgJCSgA0AQIKAkJKAKgIAQIKAkJKALIJAQIKAhAGAgwGbEoAtgoBAgoCGgJeSgIm2jZstmwOABD+bL5sCBL0bK5sAQDubJg0BgIEChQAwjUYWAECsnbOaroJAPoJoArKFgEAiDQBAP4d4AqGDQDGDbANzAG8GwYAAvgaSAAIAQDIA7oFyAaIBtIEigPqG4QfAQGOAc4B6B6OFwKcX9o21QEoAMcAKAInASgAJwBEAMQYxwAoAycBBAAoACcAhAHEEcEAxBghACgCJwAEACcABACBAIQBgQCEAIEAhACBAIQAgQCEAoEAhAAnACgEJwAoACcABwAoAycBKAAnAIcAKAMnAQQAKAAnAIcAKAMnAQQAKAAnAIcAKAMnAQQAKAAnAIcAKAMnAQQAKAAnAIcAKAMnAQQAKAAnAIcAKAMnAQQAKAAnAIcAKAMnAQQAKAAnAIcAKAMnAQQAhAQoACcAhwAhACgCJwEEAIEAhAAoACcAKAGoAMT\/MY8wc3RhdGV2ZXJzaW9uY2xpZW50SWRpc1ZhbGlkbmFtZWF0dHJpYnV0ZXNjb250ZW50ZHJvcENhcGlubmVyQmxvY2tzPGJyPkFSbWVyZXI+QXJtYmFuZDI8YnI+QXJtYnI+QXJtYmE8Yj5BbWJhZDJBcm1iYTxicj5uZCBtYmFuZCBtaXQgQW5ow6Rnbm5nZXIgfSAwPSAzLDAwIOKCrGNsaWVudElkaXNWYWxpZG9yaWdpbmFsQ29udGVudG5hbWVhdHRyaWJ1dGVzY29udGVudDxicj4oT2hyaGFrZW4gc2luZCBhdXMgRWRlbHN0YWhsKTxicj5PaHJjbGlwcyA9IDMsMDAg4oKsPGJyPihPaHJjbGlwcyBzaW5kIGF1cyBFZGVsc3RhaGwpPGJyPkJyb3NjaGVuID0gMyw1MCDigqw8YnI+Q2hhcm1zID0gMyw1MCDigqw8YnI+SGFhcmtsYW1tZXIgPSAzLDUwIOKCrDxicj5IYWFyc3BhbmdlbiA9IDMsNTAg4oKsPGJyPkhhbmR5YW5ow6RuZ2VyID0gMyw1MCDigqw8YnI+TGVzZXplaWNoZW4gPSAzLDUwIOKCrDxicj4oTMOkbmdlIGNhLiAzMiBjbSk8YnI+TWFnbmV0ZSA9IDMsNTAg4oKsPGJyPlNjaGzDvHNzZWxhbmjDpG5nZXIgPSAzLDUwIOKCrDxicj5aZXR0ZWxoYWx0ZXIgPSA0LDUwIOKCrGRyb3BDYXBpbm5lckJsb2Nrczxicj4oT2hyaGFrZW4gc2luZCBhdXMgRWRlbHN0YWhsKTxicj5PaHJjbGlwcyA9IDMsMDAg4oKsPGJyPihPaHJjbGlwcyBzaW5kIGF1cyBFZGVsc3RhaGwpPGJyPkJyb3NjaGVuID0gMyw1MCDigqw8YnI+Q2hhcm1zID0gMyw1MCDigqw8YnI+SGFhcmtsYW1tZXIgPSAzLDUwIOKCrDxicj5IYWFyc3BhbmdlbiA9IDMsNTAg4oKsPGJyPkhhbmR5YW5ow6RuZ2VyID0gMyw1MCDigqw8YnI+TGVzZXplaWNoZW4gPSAzLDUwIOKCrDxicj4oTMOkbmdlIGNhLiAzMiBjbSk8YnI+TWFnbmV0ZSA9IDMsNTAg4oKsPGJyPlNjaGzDvHNzZWxhbmjDpG5nZXIgPSAzLDUwIOKCrDxicj5aZXR0ZWxoYWx0ZXIgPSA0LDUwIOKCrDxicj5LZXR0ZSA9IDMsMDAgReKCrDxicj5LZXR0ZW5hbmjDpG5kIG1pdCBBbmjDpG5nZXIgPSAzLDAwIOKCrEtldHRlID0gMywwMCDigqw8YnI+S2V0dGVuYW5ow6Q8YnI+bmdlciA9IDMsMDAg4oKsPGJyPihMw6RuZ2UgY2EuIDQ4IGNtKTxicj5PaHJyaW5nZSA6bmdlciA9IDMsMDAg4oKscmluZ2UgPGJyPihPcmg9IGNtKTxicj5PaHJyaW5nZSA9IDMsb28wMCDigqw8YnI+TMOkbmdlKMOWw6RuZ2UgTMOkbmdlIOKCrDxicj4oTMOkbmdlIGNhLiA0OCBjbSkoTMOkbmdlIGNhLiA0OCBjbSk8YnI+PSAzLDAwIOKCrDxicj4oTMOkbmdlIGNhLiAxNyBjbSwgZ2lsZHQgYXVjaCBmw7xyIEFybWJhbmQgbWJhbmQgbWl0IEFuaMOkbmdlcikoTMOkbmdlIGNhLiAxNyBjbSwgZ2lsdCBhdWNoIGbDvHIgKTxicj5Bcm1iYW5kbWl0IEFuaMOkbmdlciBzdGF0ZXZlcnNpb25kb2N1bWVudGRhdGVkb2N1bWVudHNsdWdkb2N1bWVudHN0YXR1c2RvY3VtZW50dGl0bGVRKSBQcmVpc2xpc3RlZG9jdW1lbnRjb250ZW50PCEtLSB3cDpwYXJhZ3JhcGggLS0+CjxwPjwvcD4KPCEtLSAvd3A6cGFyYWdyYXBoIC0tPgoKPCEtLSB3cDpwYXJhZ3JhcGggLS0+CjxwPldJQ0hUSUc6IFdlaWhuYWNodGxpY2hlIEZpZ3VyZW4gZ2lidCBlcyBudXIgaW0gSGVyYnN0IGJpcyBXZWlobmFjaHRlbiBpbiBkZW4gTMOkZGVuIG9kZXIgZ2FuemrDpGhyaWcgYXVmIEFuZnJhZ2UuPC9wPgo8IS0tIC93cDpwYXJhZ3JhcGggLS0+Cgo8IS0tIHdwOnBhcmFncmFwaCAtLT4KPHA+V2VubiBTaWUgc2ljaCDDvGJlciBkaWUgZ8O8bnN0aWdlbiBQcmVpc2Ugd3VuZGVybiwgd2VyZGUgaWNoIGRpZXNlIGhpZXJtaXQgYmVncsO8bmRlbi4gRGEgaWNoIHNjaHdlciBjaHJvbmlzY2gga3JhbmsgYmluIGthbm4gaWNoIG5pY2h0IG1laHIgZsO8ciBtZWluZW4gZ2VzYW10ZW4gTGViZW5zdW50ZXJoYWx0IHNlbGJzdCBhdWZrb21tZW4sIGRhIGljaCBhdWYgZGVuIEFyYmVpdHNtYXJrdCBrZWluZSBDaGFuY2UgbWVociBoYWJlLiBEYSBTaWUgYXJiZWl0ZW4gZ2VoZW4gdW5kIGRhZHVyY2ggZsO8ciBtZWluZW4gTGViZW5zdW50ZXJoYWx0IG1pdCBhdWZrb21tZW4sIHNpbmQgbWVpbmUgUHJlaXNlIGFscyBEYW5rZXNjaMO2biBmw7xyIFNpZSBnZWRhY2h0LjwvcD4KPCEtLSAvd3A6cGFyYWdyYXBoIC0tPgoKPCEtLSB3cDpwYXJhZ3JhcGggLS0+CjxwPkF1ZmdydW5kIGRlciBnZXN0aWVnZW5lbiBQcmVpc2UgZsO8ciBQZXJsZW4gdW5kIE1lc3NpbmdkcmFodCBpc3QgZXMgbWlyIG5pY2h0IG1laHIgbcO2Z2xpY2ggZWluZW4gTWVuZ2VucmFiYXR0IHp1IGdlYmVuLjwvcD4KPCEtLSAvd3A6cGFyYWdyYXBoIC0tPgoKPCEtLSB3cDpwYXJhZ3JhcGggLS0+CjxwPjxzdHJvbmc+RXMgZ2VsdGVuIGZvbGdlbmRlIFByZWlzZTo8L3N0cm9uZz48L3A+CjwhLS0gL3dwOnBhcmFncmFwaCAtLT4KCjwhLS0gd3A6cGFyYWdyYXBoIC0tPgo8cD5FaW56ZWxuZSBGaWd1cmVuOjwvcD4KPCEtLSAvd3A6cGFyYWdyYXBoIC0tPgoKPCEtLSB3cDpwYXJhZ3JhcGggLS0+CjxwPkZpZ3VyZW4gbWl0IGRlbiBCdWNoc3RhYmVuIE4sIEssIFMgdW5kIFcgICAgICAgICAgICAgPSAzLDAwIOKCrDxicj5GaWd1cmVuIG1pdCBkZW0gQnVjaHN0YWJlbiBNICAgICAgICAgICAgICAgICAgICAgICAgICAgICAgICAgID0gMyw1MCDigqw8YnI+RmlndXJlbiBtaXQgZGVtIEJ1Y2hzdGFiZW4gRyAgICAgICAgICAgICAgICAgICAgICAgICAgICAgICAgICA9IDQsMDAg4oKsPGJyPihXLCBNIHVuZCBHIHNpbmQgaGF1cHRzw6RjaGxpY2ggd2VpaG5hY2h0bGljaGUgQXJ0aWtlbCk8L3A+CjwhLS0gL3dwOnBhcmFncmFwaCAtLT4KCjwhLS0gd3A6cGFyYWdyYXBoIC0tPgo8cD5EaWUgdW50ZW4gZ2VuYW5udGVuIFByZWlzZSBnZWx0ZW4gamV3ZWlscyBmw7xyIGVpbiBTdMO8Y2sgKGF1Y2ggYmVpIE9ocnJpbmdlbiBvZGVyIE9ocmNsaXBzKS4gRGVyIFByZWlzIGlzdCBpbmtsLiBlaW5lciBGaWd1ciBmw7xyIDMsMDAg4oKsLiBTaWUga8O2bm5lbiBkaWUgRmlndXJlbiBzZWxic3QgYXVzd8OkaGxlbiBhdXMgbWVpbmVtIDMsMDAg4oKsLVNvcnRpbWVudCwgb2huZSBBdWZwcmVpcy4gU29sbHRlbiBTaWUgdGV1ZXJlIEZpZ3VyZW4gd8OkaGxlbiwgZXJow7ZodCBzaWNoIGRlciBQcmVpcyB1bSBkaWUgamV3ZWlsaWdlIERpZmZlcmVuei48L3A+CjwhLS0gL3dwOnBhcmFncmFwaCAtLT4KCjwhLS0gd3A6cGFyYWdyYXBoIC0tPgo8cD5ycm4gPSAsMDAg4oKsPGJyPk9ocmhha2VuIHNpbmQgYXVzIEVkZWxzdGFobCk8YnI+T2hyY2xpcHMgPSAzLDAwIOKCrDxicj4oT2hyY2xpcHMgc2luZCBhdXMgRWRlbHN0YWhsKTxicj5Ccm9zY2hlbiA9IDMsNTAg4oKsPGJyPkNoYXJtcyA9IDMsNTAg4oKsPGJyPkhhYXJrbGFtbWVyID0gMyw1MCDigqw8YnI+SGFhcnNwYW5nZW4gPSAzLDUwIOKCrDxicj5IYW5keWFuaMOkbmdlciA9IDMsNTAg4oKsPGJyPkxlc2V6ZWljaGVuID0gMyw1MCDigqw8YnI+KEzDpG5nZSBjYS4gMzIgY20pPGJyPk1hZ25ldGUgPSAzLDUwIOKCrDxicj5TY2hsw7xzc2VsYW5ow6RuZ2VyID0gMyw1MCDigqw8YnI+WmV0dGVsaGFsdGVyID0gNCw1MCDigqw8L3A+CjwhLS0gL3dwOnBhcmFncmFwaCAtLT4KCjwhLS0gd3A6cGFyYWdyYXBoIC0tPgo8cD48c3Ryb25nPsKpIDIwMiB8IFRpbmEgSG9mbWFubiB8IE7DvHJuYmVyZzwvc3Ryb25nPjwvcD4KPCEtLSAvd3A6cGFyYWdyYXBoIC0tPmRvY3VtZW50ZXhjZXJwdGRvY3VtZW50YXV0aG9yZG9jdW1lbnRmZWF0dXJlZF9tZWRpYWRvY3VtZW50Y29tbWVudF9zdGF0dXNkb2N1bWVudHBpbmdfc3RhdHVzZG9jdW1lbnR0ZW1wbGF0ZWRvY3VtZW50bWV0YWZvb3Rub3Rlc2RvY3VtZW50YmxvY2tzY2xpZW50SWRpc1ZhbGlkb3JpZ2luYWxDb250ZW50bmFtZWF0dHJpYnV0ZXNjb250ZW50ZHJvcENhcGlubmVyQmxvY2tzY2xpZW50SWRpc1ZhbGlkb3JpZ2luYWxDb250ZW50bmFtZWF0dHJpYnV0ZXNjb250ZW50V0lDSFRJRzogV2VpaG5hY2h0bGljaGUgRmlndXJlbiBnaWJ0IGVzIG51ciBpbSBIZXJic3QgYmlzIFdlaWhuYWNodGVuIGluIGRlbiBMw6RkZW4gb2RlciBnYW56asOkaHJpZyBhdWYgQW5mcmFnZS5kcm9wQ2FwaW5uZXJCbG9ja3NjbGllbnRJZGlzVmFsaWRvcmlnaW5hbENvbnRlbnRuYW1lYXR0cmlidXRlc2NvbnRlbnRXZW5uIFNpZSBzaWNoIMO8YmVyIGRpZSBnw7xuc3RpZ2VuIFByZWlzZSB3dW5kZXJuLCB3ZXJkZSBpY2ggZGllc2UgaGllcm1pdCBiZWdyw7xuZGVuLiBEYSBpY2ggc2Nod2VyIGNocm9uaXNjaCBrcmFuayBiaW4ga2FubiBpY2ggbmljaHQgbWVociBmw7xyIG1laW5lbiBnZXNhbXRlbiBMZWJlbnN1bnRlcmhhbHQgc2VsYnN0IGF1ZmtvbW1lbiwgZGEgaWNoIGF1ZiBkZW4gQXJiZWl0c21hcmt0IGtlaW5lIENoYW5jZSBtZWhyIGhhYmUuIERhIFNpZSBhcmJlaXRlbiBnZWhlbiB1bmQgZGFkdXJjaCBmw7xyIG1laW5lbiBMZWJlbnN1bnRlcmhhbHQgbWl0IGF1ZmtvbW1lbiwgc2luZCBtZWluZSBQcmVpc2UgYWxzIERhbmtlc2Now7ZuIGbDvHIgU2llIGdlZGFjaHQuZHJvcENhcGlubmVyQmxvY2tzY2xpZW50SWRpc1ZhbGlkb3JpZ2luYWxDb250ZW50bmFtZWF0dHJpYnV0ZXNjb250ZW50QXVmZ3J1bmQgZGVyIGdlc3RpZWdlbmVuIFByZWlzZSBmw7xyIFBlcmxlbiB1bmQgTWVzc2luZ2RyYWh0IGlzdCBlcyBtaXIgbmljaHQgbWVociBtw7ZnbGljaCBlaW5lbiBNZW5nZW5yYWJhdHQgenUgZ2ViZW4uZHJvcENhcGlubmVyQmxvY2tzY2xpZW50SWRpc1ZhbGlkb3JpZ2luYWxDb250ZW50bmFtZWF0dHJpYnV0ZXNjb250ZW50PHN0cm9uZz5FcyBnZWx0ZW4gZm9sZ2VuZGUgUHJlaXNlOjwvc3Ryb25nPmRyb3BDYXBpbm5lckJsb2Nrc2NsaWVudElkaXNWYWxpZG9yaWdpbmFsQ29udGVudG5hbWVhdHRyaWJ1dGVzY29udGVudEVpbnplbG5lIEZpZ3VyZW46ZHJvcENhcGlubmVyQmxvY2tzY2xpZW50SWRpc1ZhbGlkb3JpZ2luYWxDb250ZW50bmFtZWF0dHJpYnV0ZXNjb250ZW50RmlndXJlbiBtaXQgZGVuIEJ1Y2hzdGFiZW4gTiwgSywgUyB1bmQgVyAgICAgICAgICAgICA9IDMsMDAg4oKsPGJyPkZpZ3VyZW4gbWl0IGRlbSBCdWNoc3RhYmVuIE0gICAgICAgICAgICAgICAgICAgICAgICAgICAgICAgICAgPSAzLDUwIOKCrDxicj5GaWd1cmVuIG1pdCBkZW0gQnVjaHN0YWJlbiBHICAgICAgICAgICAgICAgICAgICAgICAgICAgICAgICAgID0gNCwwMCDigqw8YnI+KFcsIE0gdW5kIEcgc2luZCBoYXVwdHPDpGNobGljaCB3ZWlobmFjaHRsaWNoZSBBcnRpa2VsKWRyb3BDYXBpbm5lckJsb2Nrc2NsaWVudElkaXNWYWxpZG9yaWdpbmFsQ29udGVudG5hbWVhdHRyaWJ1dGVzY29udGVudERpZSB1bnRlbiBnZW5hbm50ZW4gUHJlaXNlIGdlbHRlbiBqZXdlaWxzIGbDvHIgZWluIFN0w7xjayAoYXVjaCBiZWkgT2hycmluZ2VuIG9kZXIgT2hyY2xpcHMpLiBEZXIgUHJlaXMgaXN0IGlua2wuIGVpbmVyIEZpZ3VyIGbDvHIgMywwMCDigqwuIFNpZSBrw7ZubmVuIGRpZSBGaWd1cmVuIHNlbGJzdCBhdXN3w6RobGVuIGF1cyBtZWluZW0gMywwMCDigqwtU29ydGltZW50LCBvaG5lIEF1ZnByZWlzLiBTb2xsdGVuIFNpZSB0ZXVlcmUgRmlndXJlbiB3w6RobGVuLCBlcmjDtmh0IHNpY2ggZGVyIFByZWlzIHVtIGRpZSBqZXdlaWxpZ2UgRGlmZmVyZW56LmRyb3BDYXBpbm5lckJsb2Nrc2NsaWVudElkaXNWYWxpZG9yaWdpbmFsQ29udGVudG5hbWVhdHRyaWJ1dGVzY29udGVudE9ocnJpbmdlID0gMywwMCDigqw8YnI+KE9ocmhha2VuIHNpbmQgYXVzIEVkZWxzdGFobCk8YnI+T2hyY2xpcHMgPSAzLDAwIOKCrDxicj4oT2hyY2xpcHMgc2luZCBhdXMgRWRlbHN0YWhsKTxicj5Ccm9zY2hlbiA9IDMsNTAg4oKsPGJyPkNoYXJtcyA9IDMsNTAg4oKsPGJyPkhhYXJrbGFtbWVyID0gMyw1MCDigqw8YnI+SGFhcnNwYW5nZW4gPSAzLDUwIOKCrDxicj5IYW5keWFuaMOkbmdlciA9IDMsNTAg4oKsPGJyPkxlc2V6ZWljaGVuID0gMyw1MCDigqw8YnI+KEzDpG5nZSBjYS4gMzIgY20pPGJyPk1hZ25ldGUgPSAzLDUwIOKCrDxicj5TY2hsw7xzc2VsYW5ow6RuZ2VyID0gMyw1MCDigqw8YnI+WmV0dGVsaGFsdGVyID0gNCw1MCDigqxkcm9wQ2FwaW5uZXJCbG9ja3NjbGllbnRJZGlzVmFsaWRvcmlnaW5hbENvbnRlbnRuYW1lYXR0cmlidXRlc2NvbnRlbnQ8c3Ryb25nPsKpIDIwMiB8IFRpbmEgSG9mbWFubiB8IE7DvHJuYmVyZzwvc3Ryb25nPmRyb3BDYXBpbm5lckJsb2Nrc3N0YXRlc2F2ZWRBdHN0YXRlc2F2ZWRCeTY2BQcIBwQKRwALAgMFBAUBBEMAQgABQgADQQAFBANHAAIFA0gABw8ECgeBBQcLBL0EBAwDBAoPAQgSCgQNBA1EAAoNRgACAQgLQgBEABENChUIBBUBDQYHDCAMDQUHCAQIBAgGCAUNCAeWGkEBAwkDAbsFPggHCAYIDggOCAtIAQQJCAYIBw8ECkcACwgHDwQKB68BBwsIBw8ECgexBQcLCAcPBAoHtgEHCwgHDwQKBysHCwgHDwQKBxEHCwgHDwQKB4sEBwsIBw8ECgewBAcLCAcPBAoHCAMBBgO9BAcLCAcPBAoHDSMHCwUHBQdBABUBAAAPAQQAAAEAAAABBgAAAQAAWQE0QQACAEEAAgBCAQEAQQACAEEAAgBBAAIAQQACAEEAAgBBAAIAQQACAEEAAgBBAAIAQQACAApBCBRBAgIBAkE9AlsAfQF3JDkwMjYzNGNhLTk3YWUtNDdlYi1hMGY1LTUwODExMmRlODNjNXh3DmNvcmUvcGFyYWdyYXBoeXckM2RjMjgwNGYtNDM1NC00MDcxLTliYmMtNTFkMzJhZjZhNTYweHfzAjxwPk9ocnJpbmdlID0gMywwMCDigqw8YnI+KE9ocmhha2VuIHNpbmQgYXVzIEVkZWxzdGFobCk8YnI+T2hyY2xpcHMgPSAzLDAwIOKCrDxicj4oT2hyY2xpcHMgc2luZCBhdXMgRWRlbHN0YWhsKTxicj5Ccm9zY2hlbiA9IDMsNTAg4oKsPGJyPkNoYXJtcyA9IDMsNTAg4oKsPGJyPkhhYXJrbGFtbWVyID0gMyw1MCDigqw8YnI+SGFhcnNwYW5nZW4gPSAzLDUwIOKCrDxicj5IYW5keWFuaMOkbmdlciA9IDMsNTAg4oKsPGJyPkxlc2V6ZWljaGVuID0gMyw1MCDigqw8YnI+KEzDpG5nZSBjYS4gMzIgY20pPGJyPk1hZ25ldGUgPSAzLDUwIOKCrDxicj5TY2hsw7xzc2VsYW5ow6RuZ2VyID0gMyw1MCDigqw8YnI+WmV0dGVsaGFsdGVyID0gNCw1MCDigqw8L3A+dw5jb3JlL3BhcmFncmFwaHmPAQB3EzIwMjQtMTAtMDJUMDk6MDU6NDN3CnByZWlzbGlzdGV3B3B1Ymxpc2h9AX0AdwZjbG9zZWR3BmNsb3NlZHcAdwB3JDNmNjU2OWQ2LTE0ZGQtNGM1Yi04OWIzLWQxMDZmNTQ5MWYzMXh3BzxwPjwvcD53DmNvcmUvcGFyYWdyYXBoeXckNjk0MzFmZTQtNWNiZS00YTQ1LTkzN2UtYmMxMjc0OTJkM2NmeHd4PHA+V0lDSFRJRzogV2VpaG5hY2h0bGljaGUgRmlndXJlbiBnaWJ0IGVzIG51ciBpbSBIZXJic3QgYmlzIFdlaWhuYWNodGVuIGluIGRlbiBMw6RkZW4gb2RlciBnYW56asOkaHJpZyBhdWYgQW5mcmFnZS48L3A+dw5jb3JlL3BhcmFncmFwaHl3JDhmOGM4ODUyLTc3ZTAtNGMyMS05Njc4LTEyMGY1ZTJkMGE0NHh3\/wI8cD5XZW5uIFNpZSBzaWNoIMO8YmVyIGRpZSBnw7xuc3RpZ2VuIFByZWlzZSB3dW5kZXJuLCB3ZXJkZSBpY2ggZGllc2UgaGllcm1pdCBiZWdyw7xuZGVuLiBEYSBpY2ggc2Nod2VyIGNocm9uaXNjaCBrcmFuayBiaW4ga2FubiBpY2ggbmljaHQgbWVociBmw7xyIG1laW5lbiBnZXNhbXRlbiBMZWJlbnN1bnRlcmhhbHQgc2VsYnN0IGF1ZmtvbW1lbiwgZGEgaWNoIGF1ZiBkZW4gQXJiZWl0c21hcmt0IGtlaW5lIENoYW5jZSBtZWhyIGhhYmUuIERhIFNpZSBhcmJlaXRlbiBnZWhlbiB1bmQgZGFkdXJjaCBmw7xyIG1laW5lbiBMZWJlbnN1bnRlcmhhbHQgbWl0IGF1ZmtvbW1lbiwgc2luZCBtZWluZSBQcmVpc2UgYWxzIERhbmtlc2Now7ZuIGbDvHIgU2llIGdlZGFjaHQuPC9wPncOY29yZS9wYXJhZ3JhcGh5dyQ3OGY5MTM1My03M2U0LTQxZWMtOTY2Mi0wZDY4MjU0OGUzOWF4d388cD5BdWZncnVuZCBkZXIgZ2VzdGllZ2VuZW4gUHJlaXNlIGbDvHIgUGVybGVuIHVuZCBNZXNzaW5nZHJhaHQgaXN0IGVzIG1pciBuaWNodCBtZWhyIG3DtmdsaWNoIGVpbmVuIE1lbmdlbnJhYmF0dCB6dSBnZWJlbi48L3A+dw5jb3JlL3BhcmFncmFwaHl3JGMxNjcxMjVhLTRmODktNDFlZi1hMDE2LWZhMWViNGM3NGFkYnh3MjxwPjxzdHJvbmc+RXMgZ2VsdGVuIGZvbGdlbmRlIFByZWlzZTo8L3N0cm9uZz48L3A+dw5jb3JlL3BhcmFncmFwaHl3JDdjYmFkYmM3LTI1MzctNDM0Mi1hMTA0LTcyOWEwZDlmZjQ0NHh3GDxwPkVpbnplbG5lIEZpZ3VyZW46PC9wPncOY29yZS9wYXJhZ3JhcGh5dyQ5NjhlNTNkNy1mZjYxLTQ5YWItOTIyMi1mOTEzZGU5ZTE1MTl4d5kCPHA+RmlndXJlbiBtaXQgZGVuIEJ1Y2hzdGFiZW4gTiwgSywgUyB1bmQgVyAgICAgICAgICAgICA9IDMsMDAg4oKsPGJyPkZpZ3VyZW4gbWl0IGRlbSBCdWNoc3RhYmVuIE0gICAgICAgICAgICAgICAgICAgICAgICAgICAgICAgICAgPSAzLDUwIOKCrDxicj5GaWd1cmVuIG1pdCBkZW0gQnVjaHN0YWJlbiBHICAgICAgICAgICAgICAgICAgICAgICAgICAgICAgICAgID0gNCwwMCDigqw8YnI+KFcsIE0gdW5kIEcgc2luZCBoYXVwdHPDpGNobGljaCB3ZWlobmFjaHRsaWNoZSBBcnRpa2VsKTwvcD53DmNvcmUvcGFyYWdyYXBoeXckODQ5MGQzNTYtNWY0OS00ZDM5LTk1NDEtMzgyMjc1MGFiNGY4eHfCAjxwPkRpZSB1bnRlbiBnZW5hbm50ZW4gUHJlaXNlIGdlbHRlbiBqZXdlaWxzIGbDvHIgZWluIFN0w7xjayAoYXVjaCBiZWkgT2hycmluZ2VuIG9kZXIgT2hyY2xpcHMpLiBEZXIgUHJlaXMgaXN0IGlua2wuIGVpbmVyIEZpZ3VyIGbDvHIgMywwMCDigqwuIFNpZSBrw7ZubmVuIGRpZSBGaWd1cmVuIHNlbGJzdCBhdXN3w6RobGVuIGF1cyBtZWluZW0gMywwMCDigqwtU29ydGltZW50LCBvaG5lIEF1ZnByZWlzLiBTb2xsdGVuIFNpZSB0ZXVlcmUgRmlndXJlbiB3w6RobGVuLCBlcmjDtmh0IHNpY2ggZGVyIFByZWlzIHVtIGRpZSBqZXdlaWxpZ2UgRGlmZmVyZW56LjwvcD53DmNvcmUvcGFyYWdyYXBoeXckMWRlMTI1MTctNTVmMi00ZDFiLTkxYTAtNDliZDNjYzIwMzYxeHfzAjxwPk9ocnJpbmdlID0gMywwMCDigqw8YnI+KE9ocmhha2VuIHNpbmQgYXVzIEVkZWxzdGFobCk8YnI+T2hyY2xpcHMgPSAzLDAwIOKCrDxicj4oT2hyY2xpcHMgc2luZCBhdXMgRWRlbHN0YWhsKTxicj5Ccm9zY2hlbiA9IDMsNTAg4oKsPGJyPkNoYXJtcyA9IDMsNTAg4oKsPGJyPkhhYXJrbGFtbWVyID0gMyw1MCDigqw8YnI+SGFhcnNwYW5nZW4gPSAzLDUwIOKCrDxicj5IYW5keWFuaMOkbmdlciA9IDMsNTAg4oKsPGJyPkxlc2V6ZWljaGVuID0gMyw1MCDigqw8YnI+KEzDpG5nZSBjYS4gMzIgY20pPGJyPk1hZ25ldGUgPSAzLDUwIOKCrDxicj5TY2hsw7xzc2VsYW5ow6RuZ2VyID0gMyw1MCDigqw8YnI+WmV0dGVsaGFsdGVyID0gNCw1MCDigqw8L3A+dw5jb3JlL3BhcmFncmFwaHl4dzo8cD48c3Ryb25nPsKpIDIwMjUgfCBUaW5hIEhvZm1hbm4gfCBOw7xybmJlcmc8L3N0cm9uZz48L3A+dw5jb3JlL3BhcmFncmFwaHl7QnnYWctd0AB7QeZ4LPaAAAB3JDE1NWQyZjYxLTFkY2MtNGFhYy1iNGVjLTY1YmYxYjViMzJhZAKUpqiTDRIBBwIHCgYFAhICDgEFAgjJAsECAwwCUxQECQ0TDggNAQgQTQANBbTPhZ4LDAAAqA0BAgABAQMACQD\/AgDjCgcDAAa\/AgMAEgA=\",\"updateId\":407515944}","footnotes":""},"class_list":["post-1183","page","type-page","status-publish","hentry"],"_links":{"self":[{"href":"https:\/\/tinas-bunte-tierwelt.de\/index.php?rest_route=\/wp\/v2\/pages\/1183","targetHints":{"allow":["GET"]}}],"collection":[{"href":"https:\/\/tinas-bunte-tierwelt.de\/index.php?rest_route=\/wp\/v2\/pages"}],"about":[{"href":"https:\/\/tinas-bunte-tierwelt.de\/index.php?rest_route=\/wp\/v2\/types\/page"}],"author":[{"embeddable":true,"href":"https:\/\/tinas-bunte-tierwelt.de\/index.php?rest_route=\/wp\/v2\/users\/1"}],"replies":[{"embeddable":true,"href":"https:\/\/tinas-bunte-tierwelt.de\/index.php?rest_route=%2Fwp%2Fv2%2Fcomments&post=1183"}],"version-history":[{"count":13,"href":"https:\/\/tinas-bunte-tierwelt.de\/index.php?rest_route=\/wp\/v2\/pages\/1183\/revisions"}],"predecessor-version":[{"id":3398,"href":"https:\/\/tinas-bunte-tierwelt.de\/index.php?rest_route=\/wp\/v2\/pages\/1183\/revisions\/3398"}],"wp:attachment":[{"href":"https:\/\/tinas-bunte-tierwelt.de\/index.php?rest_route=%2Fwp%2Fv2%2Fmedia&parent=1183"}],"curies":[{"name":"wp","href":"https:\/\/api.w.org\/{rel}","templated":true}]}}