{"id":1178,"date":"2024-10-02T09:06:07","date_gmt":"2024-10-02T09:06:07","guid":{"rendered":"https:\/\/tinas-bunte-tierwelt.de\/?page_id=1178"},"modified":"2026-04-21T08:24:59","modified_gmt":"2026-04-21T08:24:59","slug":"impressum","status":"publish","type":"page","link":"https:\/\/tinas-bunte-tierwelt.de\/?page_id=1178","title":{"rendered":"T) Kontakt"},"content":{"rendered":"\n<p class=\"wp-block-paragraph\">Tina Hofmann<br>N\u00fcrnberg<br><\/p>\n\n\n\n<p class=\"wp-block-paragraph\"><mark style=\"background-color:rgba(0, 0, 0, 0);color:#00d084\" class=\"has-inline-color\"><strong>LEIDER IST KEIN KONTAKT \u00dcBER EMAILS MIT MIR M\u00d6GLICH, DA IRGENDJEMAND DAF\u00dcR SORGT, DASS DIE EMAILS NICHT BEI MIR ANKOMMEN! <\/strong><\/mark><\/p>\n\n\n\n<p class=\"wp-block-paragraph\">Wenn Sie mir pers\u00f6nlich etwas mitteilen wollen, im Normalfall bin ich dienstags und donnerstags um ca. 8:00 Uhr vor dem Laden beim S\u00fcdfriedhof zu finden.<\/p>\n\n\n\n<p class=\"wp-block-paragraph\"><strong>Hier ist meine genaue Adresse nicht angegeben, da der Verkauf ausschlie\u00dflich \u00fcber die L\u00e4den l\u00e4uft. Da ich bei Kundengespr\u00e4chen in den L\u00e4den festgestellt habe, dass viele Kunden der Meinung sind, dass auch immer bei dem K\u00fcnstler zu Hause ein Verkauf stattfindet, habe ich rein vorsorglich meine Adresse auf dieser Seite gel\u00f6scht, da dies bei mir nicht der Fall ist.<\/strong><\/p>\n\n\n\n<p class=\"wp-block-paragraph\"><strong><mark style=\"background-color:rgba(0, 0, 0, 0);color:#cf2e2e\" class=\"has-inline-color\">Krankheitsbedingt finden Sie meine Produkte auch auf keinen M\u00e4rkten mehr. Jedoch werde ich mein Gesch\u00e4ft nicht aufgeben, da mir die Produktion noch m\u00f6glich ist und L\u00e4den meine Artikel verkaufen.<\/mark><\/strong><\/p>\n\n\n\n<p class=\"wp-block-paragraph\">Ich selbst habe weder ein Ladengesch\u00e4ft noch einen Onlineshop. Auch findet kein Verkauf in meiner Wohnung statt, da mein Mietvertrag dies verbietet. Ein Besuch bei mir w\u00fcrde sich nicht lohnen, da ich keine Ausnahmen machen w\u00fcrde. <\/p>\n\n\n\n<p class=\"wp-block-paragraph\">Bestellungen in einem Laden bitte ich auch dort abzuholen.<\/p>\n\n\n\n<p class=\"wp-block-paragraph\"><strong>\u00a9 2026 | Tina Hofmann | N\u00fcrnberg<\/strong><\/p>\n","protected":false},"excerpt":{"rendered":"<p>Tina HofmannN\u00fcrnberg LEIDER IST KEIN KONTAKT \u00dcBER EMAILS MIT MIR M\u00d6GLICH, DA IRGENDJEMAND DAF\u00dcR SORGT, DASS DIE EMAILS NICHT BEI MIR ANKOMMEN! Wenn Sie mir pers\u00f6nlich etwas mitteilen wollen, im Normalfall bin ich dienstags und donnerstags um ca. 8:00 Uhr vor dem Laden beim S\u00fcdfriedhof zu finden. Hier ist meine genaue Adresse nicht angegeben, da [&hellip;]<\/p>\n","protected":false},"author":1,"featured_media":0,"parent":0,"menu_order":0,"comment_status":"closed","ping_status":"closed","template":"","meta":{"_crdt_document":"{\"document\":\"AABwneuvkBz6lr2UBQDd66+QHAy6lr2UBd3rr5AcAfqWvZQFOJ3rr5Acupa9lAWd66+QHLqWvZQFneuvkBz6lr2UBR3d66+QHAP6lr2UBQLd66+QHAL6lr2UBQqPqtLpCd3rr5AcA4+q0ukJ+pa9lAWIA9kDrk7sTgEBCABICooEBgIIDJoCtFX+VAa6Ac4GBAwIGBIKBgQICgYDAQwGCggCBg0ABg4FAQisBwyaAsIKBAqqA44BkgEMHAQ6IhAUChLAB5AJCBAC+AEm0AuaCrp9Aq4pErwBDAbUtwECANYEFjKsATgDAAoCBgIKAgoCEAIGBQADAQYDAAYCBAMCCgMABAgCBgMABAIKAwAIAgQCCAMBBAMCBgIMBAMABgS6AZQBBAoCBAgUAiAKDAIOAg4CLAMBBAMABAMABAIIAgYCBAYEJgIGAhoIDgISAggCCAUAAgQCBgIaAggCJLwBgAQFAAIEAjgCDgIaAh4DAQoCGAMBMgIwAggCkgIEjgECBgKOAgIEAwGgAQIMAhgCBgIIAgYCDAIIAgYCKAYgBBIDASQCCgKIAwIIApADggySAgSaDgKKAgQCEgECCgI4ekoAhAUBAgoCQkoAlAmSGAECCgJCSgCMDAECCgJCSgCkAgECCgJCSgCeBwECCgJCSgCGAgECCgIaAl5KxgycArgLRLIC7gL4CwCmDpgBWBiEA0YGkgNUFIoDSAiAA0ICigNKCoADQs5rkgKocAjscIBsxgOGCW4umgNcHIIDhAMS9CsmgCAIgg0KAgQC5m+RAbJT\/E8EDAgYEgoGBAgKBgMBDAYKCAIGDQAGDgUBCAEBEAQKqgOOAZIBDBwEOiIQFAoSMibQC5oKqqcBErwBDAbUtwEC0gSkgQEBAIoORI4DXAAcPAB8gAQAwASSBwDSB5wKANwKnA0A3A2mEADmEOpXkgIBAASUVaYTAOYTrBwA7ByGIMYgAQDwBIAgCAED0mL\/BCgAxwAoAicBKAAnAAQAhAaBAIQAgQDEHMEAxBCEAIEAhACBAIQAxAOoAcQEIQDEAiEAKAInAAQAJwAEAIEAhACBAIQAgQCEAIEAhACBAIQAgQCEAIEAhACBAIQAgQCEAIEAhACBAIQBgQCEAIEAhAOBAIQAgQCEAIEAhACBAIQBgQCEAIEAhAGBAIQAgQCEAIEAhACBAIQBgQCEAIEAhACBAIQAgQCEAIEAhACBAIQBgQCEAIEAhACBAIQAgQCEAIEAhACBAIQAgQCEAIEAhACBAIQAgQCEAIEAhACBAIQAgQCEAIEAhACBAIQAgQCEAYEAhACBAIQAgQCEAIEAhACBAIQAgQCEAIEAhACBAIQAgQCEAIEAhACBAIQAgQCEAIEAhACBAIQAgQCEAIEAhACBAIQAgQCEAIEAhACBAIQAgQCEAIEAhACBAIQAgQCEAIEAhACBAIQAgQCEAIEAhACBAIQAgQCEAIEAhACBAIQAgQCEAIEAhACBAIQAgQCEAIEAhACBAIQAgQCEAIEAhACBAIQAgQCEAIEAhACBAIQAgQCEAIEAhACBAIQAgQCEAIEAhACBAIQAgQCEAIEAhAOBAIQAJwAoBCcAKAAnAAEAAACHACgDJwEEAIEAKAAnAIcAKAMnAQEAKAAnAIEAAACHACgDJwEEACgAJwCHACEAKAInAQEAKAAnAIcAKAMnAQQAKAAnAIcAKAMnAQQAKAAnAIcAIQAoAicBBACBAIQAKAAnACEBAACoAEQAhAHEAMEAxAHBAMQAwQHEAMEBxADBAcQAwQHEAMEBxADBAcQAwQHEBMEAxADBAcQAwQHEAcEAxACoAMQCwQDEAMEAxOEi1iBzdGF0ZXZlcnNpb25jbGllbnRJZGlzVmFsaWRuYW1lYXR0cmlidXRlc2NvbnRlbnRkcm9wQ2FwaW5uZXJCbG9ja3M8bWFyayBzdHlsZT0iYmFja2dyb3VuZC1jb2xvcjpyZ2JhKDAsIDAsIDAsIDApO2NvbG9yOiMwMGQwODQiIGNsYXNzPSJoYXMtaW5saW5lLWNvbG9yIj48c3Ryb25nPkxFSURFUiBJU1QgS0VJTiBLT05UQUtUIMOcQkVSIEVNQUlMUyBNSVQgTUlSIE5JQ0hUIE3DlkdMSUNILCBEQSBJUkdFTkRKRU1BTkQgREFGw5xSIFNPUkdULCBEQVNTIERJRSBFTUFJTFMgTklDSFQgQkVJIE1JUiBBTktPTU1FTiE8L3N0cm9uZz48L21hcms+V2VubiBTaWUgbWlyIHBlcnPDtm5saWNoIGV0d2FzIG1pdHRlaWxlbiB3b2xsZW4sIGltIE5vcm1hbGZhbGwgYmluIGljaCBkaTwvcD4KPCEtL3dwOnBycnAtLT4KCjwhLS13cDpwcmFncmFwaC0tPgo8cD48bWFyc3lsPSJiYWNrZ291ZC1jb2xvcjpyZ2EoMDAsMCwwKTtjb2xvcjojMDAwODQiY2E9Imhhcy1pbGUtY29sb3IiPjxyb24+TEVJREVSSVNUS0VJTiBLT05UQUtUIMOcQkVSIEVNQUlMUyBNSVQgTUlSIE3DlkdMSUNILCBEQSBJUkdFTkRKRU1BTkQgREFGw5xSIFNPUkdULCBEQVNTIERJRSBFTUFJTFMgTklDSFQgQkVJIE1JUiBBTktPTU1FTiE8L3Jvbj5tYXJrPjwvc8O2dG1paWxvbGwsTmxhbGJpY2hlbnN0YWdzIHVuZCBkb25uZXJzdGFncyB1bSBjYS4gODowMCBVaHIgdm9yIGRlbSBMYWRlbiBiZWltIFPDvGRmcmllZGhvZiB6dSBmaW5kZW4uZXN0YWdzIHVuZCBkb25uZXJzdGFncyB1bSBjYS4gODowMCBVaHIgdm9yIGRlbSBMYWRlbiBiZWltIFPDvGRmcmllZGhvZiB6dSBmaW5kZW4uICBMw6RkZW5MZG5zdGF0ZXZlcnNpb25laHRFSFIgTUlUc3RhdGV2ZXJzaW9uZG9jdW1lbnRkYXRlZG9jdW1lbnRzbHVnZG9jdW1lbnRzdGF0dXNkb2N1bWVudHRpdGxlVCkgS29udGFrdGRvY3VtZW50Y29udGVudDwhLS0gd3A6cGFyYWdyYXBoIC0tPgo8cD5UaW5hIEhvZm1hbm48YnI+TsO8cm5iZXJnPGJyPi0gYWFnYWggIGEgayB0ZXJuYiwgICBkIGxzc25pbnN0ZyAgc3RnPC9wPgo8IS0tIC93cDpwYXJhZ3JhcGggLS0+Cgo8IS0tIHdwOnBhcmFncmFwaCAtLT4KPHA+V2VubiBTaWUgbWlyIHBlcm5saWNoIGV3YXMgdHRlZW4gd2VuIGltIG9ybWFmbCBuIGkgZGluPC9wPgo8IS0tIC93cDpwYXJhZ3JhcGggLS0+Cgo8IS0tIHdwOnBhcmFncmFwaCAtLT4KPHA+PHN0cm9uZz5IaWVyIGlzdCBtZWluZSBnZW5hdWUgQWRyZXNzZSBuaWNodCBhbmdlZ2ViZW4sIGRhIGRlciBWZXJrYXVmIGF1c3NjaGxpZcOfbGljaCDDvGJlciBkaWUgTMOkZGVuIGzDpHVmdC4gRGEgaWNoIGJlaSBLdW5kZW5nZXNwcsOkY2hlbiBpbiBkZW4gTMOkZGVuIGZlc3RnZXN0ZWxsdCBoYWJlLCBkYXNzIHZpZWxlIEt1bmRlbiBkZXIgTWVpbnVuZyBzaW5kLCBkYXNzIGF1Y2ggaW1tZXIgYmVpIGRlbSBLw7xuc3RsZXIgenUgSGF1c2UgZWluIFZlcmthdWYgc3RhdHRmaW5kZXQsIGhhYmUgaWNoIHJlaW4gdm9yc29yZ2xpY2ggbWVpbmUgQWRyZXNzZSBhdWYgZGllc2VyIFNlaXRlIGdlbMO2c2NodCwgZGEgZGllcyBiZWkgbWlyIG5pY2h0IGRlciBGYWxsIGlzdC48L3N0cm9uZz48L3A+CjwhLS0gL3dwOnBhcmFncmFwaCAtLT4KCjwhLS0gd3A6cGFyYWdyYXBoIC0tPgo8cD5LcmFua2hlaXRzYmVkaW5ndCBmaW5kZW4gU2llIG1laW5lIFByb2R1a3RlIGF1Y2ggYXVmIGtlaW5lbiBNw6Rya3RlbiBtZWhyLjwvcD4KPCEtLSAvd3A6cGFyYWdyYXBoIC0tPgoKPCEtLSB3cDpwYXJhZ3JhcGggLS0+CjxwPkljaCBzZWxic3QgaGFiZSB3ZWRlciBlaW4gTGFkZW5nZXNjaMOkZnQgbm9jaCBlaW5lbiBPbmxpbmVzaG9wLiBBdWNoIGZpbmRldCBrZWluIFZlcmthdWYgaW4gbWVpbmVyIFdvaG51bmcgc3RhdHQsIGRhIG1laW4gTWlldHZlcnRyYWcgZGllcyB2ZXJiaWV0ZXQuIEVpbiBCZXN1Y2ggYmVpIG1pciB3w7xyZGUgc2ljaCBuaWNodCBsb2huZW4sIGRhIGljaCBrZWluZSBBdXNuYWhtZW4gbWFjaGVuIHfDvHJkZS4gPC9wPgo8IS0tIC93cDpwYXJhZ3JhcGggLS0+Cgo8IS0tIHdwOnBhcmFncmFwaCAtLT4KPHA+QmVzdGVsbHVuZ2VuIGluIGVpbmVtIExhZGVuIGJpdHRlIGljaCBhdWNoIGRvcnQgYWJ6dWhvbGVuLjwvcD4KPCEtLSAvd3A6cGFyYWdyYXBoIC0tPgoKPCEtLSB3cDpwYXJhZ3JhcGggLS0+CjxwPjxzdHJvbmc+wqkgMjAyIHwgVGluYSBIb2ZtYW5uIHwgTsO8cm5iZXJnPC9zdHJvbmc+PC9wPgo8IS0tIC93cDpwYXJhZ3JhcGggLS0+ZG9jdW1lbnRleGNlcnB0ZG9jdW1lbnRhdXRob3Jkb2N1bWVudGZlYXR1cmVkX21lZGlhZG9jdW1lbnRjb21tZW50X3N0YXR1c2RvY3VtZW50cGluZ19zdGF0dXNkb2N1bWVudHRlbXBsYXRlZG9jdW1lbnRtZXRhZm9vdG5vdGVzZG9jdW1lbnRibG9ja3NjbGllbnRJZGlzVmFsaWRvcmlnaW5hbENvbnRlbnRuYW1lYXR0cmlidXRlc2NvbnRlbnRUaW5hIEhvZm1hbm48YnI+TsO8cm5iZXJnPGJyPmRyb3BDYXBpbm5lckJsb2Nrc2NsaWVudElkaXNWYWxpZG9yaWdpbmFsQ29udGVudG5hbWVhdHRyaWJ1dGVzY29udGVudGRyb3BDYXBpbm5lckJsb2Nrc2NsaWVudElkaXNWYWxpZG9yaWdpbmFsQ29udGVudG5hbWVhdHRyaWJ1dGVzY29udGVudDxzdHJvbmc+SGllciBpc3QgbWVpbmUgZ2VuYXVlIEFkcmVzc2UgbmljaHQgYW5nZWdlYmVuLCBkYSBkZXIgVmVya2F1ZiBhdXNzY2hsaWXDn2xpY2ggw7xiZXIgZGllIEzDpGRlbiBsw6R1ZnQuIERhIGljaCBiZWkgS3VuZGVuZ2VzcHLDpGNoZW4gaW4gZGVuIEzDpGRlbiBmZXN0Z2VzdGVsbHQgaGFiZSwgZGFzcyB2aWVsZSBLdW5kZW4gZGVyIE1laW51bmcgc2luZCwgZGFzcyBhdWNoIGltbWVyIGJlaSBkZW0gS8O8bnN0bGVyIHp1IEhhdXNlIGVpbiBWZXJrYXVmIHN0YXR0ZmluZGV0LCBoYWJlIGljaCByZWluIHZvcnNvcmdsaWNoIG1laW5lIEFkcmVzc2UgYXVmIGRpZXNlciBTZWl0ZSBnZWzDtnNjaHQsIGRhIGRpZXMgYmVpIG1pciBuaWNodCBkZXIgRmFsbCBpc3QuPC9zdHJvbmc+ZHJvcENhcGlubmVyQmxvY2tzY2xpZW50SWRpc1ZhbGlkb3JpZ2luYWxDb250ZW50bmFtZWF0dHJpYnV0ZXNjb250ZW50ZHJvcENhcGlubmVyQmxvY2tzY2xpZW50SWRpc1ZhbGlkb3JpZ2luYWxDb250ZW50bmFtZWF0dHJpYnV0ZXNjb250ZW50SWNoIHNlbGJzdCBoYWJlIHdlZGVyIGVpbiBMYWRlbmdlc2Now6RmdCBub2NoIGVpbmVuIE9ubGluZXNob3AuIEF1Y2ggZmluZGV0IGtlaW4gVmVya2F1ZiBpbiBtZWluZXIgV29obnVuZyBzdGF0dCwgZGEgbWVpbiBNaWV0dmVydHJhZyBkaWVzIHZlcmJpZXRldC4gRWluIEJlc3VjaCBiZWkgbWlyIHfDvHJkZSBzaWNoIG5pY2h0IGxvaG5lbiwgZGEgaWNoIGtlaW5lIEF1c25haG1lbiBtYWNoZW4gd8O8cmRlLiBkcm9wQ2FwaW5uZXJCbG9ja3NjbGllbnRJZGlzVmFsaWRvcmlnaW5hbENvbnRlbnRuYW1lYXR0cmlidXRlc2NvbnRlbnRCZXN0ZWxsdW5nZW4gaW4gZWluZW0gTGFkZW4gYml0dGUgaWNoIGF1Y2ggZG9ydCBhYnp1aG9sZW4uZHJvcENhcGlubmVyQmxvY2tzY2xpZW50SWRpc1ZhbGlkb3JpZ2luYWxDb250ZW50bmFtZWF0dHJpYnV0ZXNjb250ZW50PHN0cm9uZz7CqSAyMDIgfCBUaW5hIEhvZm1hbm4gfCBOw7xybmJlcmc8L3N0cm9uZz5kcm9wQ2FwaW5uZXJCbG9ja3NzdGF0ZXNhdmVkQXRzdGF0ZXNhdmVkQnk8c3Ryb25nPjwvc3Ryb25nPjxtYXJrIHN0eWxlPSJiYWNrZ3JvdW5kLWNvbG9yOnJnYmEoMCwgMCwgMCwgMCk7Y29sb3I6I2NmMmUyZSIgY2xhc3M9Imhhcy1pbmxpbmUtbWFyaz48Ly5jb2xvciI+S3JhbmtoZWl0c2JlZGluZ3QgZmluZGVuIFNpZSA8c3Ryb25nPjxtYXJrIHN0eWxlPSJiYWNrZ3JvdW5kLWNvbG9yOnJnYmEoMCwgMCwgMCwgMCk7Y29sb3I6I2NmMmUyZSIgY2xhc3M9Imhhcy1pbmxpbmUtY29sb3IiPiBKZWRvY2ggd2VyZGUgaWNoIG1laW4gR2VzY2jDpGZ0IG5pY2h0IGF1ZmdlYmVuLCBkYSBkaWUgLm1hcms+PC9zdHJvbmc+PC9tZWluZSBQcm9kdWt0ZSBhdWNoIGF1ZiBrZWluZW4gTcOkcmt0ZW4gbWVoci4gSmVkb2NoIHdlcmRlIGljaCBtZWluIEdlc2Now6RmdCBuaWNodCBhdWZnZWJlbiwgZGEgbWlyIGRpZSBQcm9kdWt0aW9uIG5vY2ggbcO2Z2xpY2ggaXN0IHVuZCAgbWVpbmUgQXJ0aWtlbCB2ZXJrYXVmZW42bWlyIFByb2R1a3Rpb24gbm9jaCBtw7ZnbGljaCBpc3QgdW5kIMOkZSBtZWluZSBBcnRpa2VsIHZlcmthdWZlbjYFBwgHBApHAAuDAgMBBAaNARALPQcBBUEBCQQHCwECBwIKA0IADARBAAcBCgMHAyGNAQIDAQcCAUIAA0EDQgAXCDIBjwFBAQRBAQUHBgEDBQcIBAgECAYIBQoIBxkcQQQCQQgCQQgCQQECAQI9AgEEAQVBBAJBAkIAQQAEQQECQQM+AkELAkEMAwJBBIEGiQECjQc+CAcIBggOCA4IC0gBBAkIBggHDwQKBxwHCwgHDwQKRwALCAcPBAoHvQUHCwgHDwQKRwALCAcPBAoHpgMHCwgHDwQKBzoHCwgHDwQKBw0jBwsFBwUHCAIHkAEHAQwDCgQBBQGfATMEARAXDqABAhgBBCBBABgBFQEAAAcBBQAAAQAAAAEGAAABAAA\/ASRBAAIAQgEBAEEAAgBBAAIAQQACAEEAAgBBAAIAQQACAEEAAgCkAUEDAwEGBEEGNgEFA0UACAMCAUMAAgUBBAMCBQQCBEEBAwYBAyoFAgoQBkcAFgECQQACBEMAEwMNBwlEAEIAAw0EEoACQgAcBw0PAQUMARkYBIkBJwOHAQIBMAYMAwQDBgQDFBAJARIFpAEEqAFBBghBAr0BQQOhBEEAiAxBB4kBQRMHEZQBC50BApYBC5wBA58BAZsBBJ8BBAKJARaSAQ8JAQUCA1MAfQF3JGU4ODI5NWZhLTJiOGItNDVjMi1iMjBmLWUwNDI3NDM4MmQyMHh3DmNvcmUvcGFyYWdyYXBoeXtCedryFSuwAHtB7CC\/W6AAAAQA6QIAdxMyMDI0LTEwLTAyVDA5OjA2OjA3dwlpbXByZXNzdW13B3B1Ymxpc2h9AX0AdwZjbG9zZWR3BmNsb3NlZHcAdwB3JDM1YWQ2NTc3LThjYmEtNGJlNC05YzZhLWQ1YTQzOTBmMjFlY3h3oQE8cD5UaW5hIEhvZm1hbm48YnI+TsO8cm5iZXJnPGJyPkUtTWFpbDogVGluYS5Ib2ZtYW5uMTNAZ214LmRlIChEYSBpY2ggenUgSGF1c2Uga2VpbiBJbnRlcm5ldCBoYWJlLCBsZXNlIGljaCBkaWUgRS1NYWlscyBtZWlzdCBudXIgZGllbnN0YWdzIHVuZCBkb25uZXJzdGFncy4pPC9wPncOY29yZS9wYXJhZ3JhcGh5dyQwNzAwZWFlOC0xZTg3LTQ2YmYtYTc2MS1kMWJlNWZmMmE5Yzl4d64CPHA+V2VubiBTaWUgV8O8bnNjaGUgb2RlciBBbnJlZ3VuZ2VuIGhhYmVuLCBrw7ZubmVuIFNpZSBtaWNoIGdlcm5lIHBlciBFLU1haWwga29udGFrdGllcmVuLCBuYXTDvHJsaWNoIGF1Y2ggYmVpIEJlc2Nod2VyZGVuLCBhdWNoIHdlbm4gaWNoIGhvZmZlLCBkYXNzIExldHp0ZXJlcyBuaWNodCBub3R3ZW5kaWcgaXN0IDstKSAuIEljaCB3w7xyZGUgbWljaCBhdWNoIMO8YmVyIEluZm9ybWF0aW9uZW4gZnJldWVuLCB3ZWxjaGVyIExhZGVuIG1laW5lIFByb2R1a3RlIGF1ZiBLb21taXNzaW9uIHZlcmthdWZlbiBtw7ZjaHRlLjwvcD53DmNvcmUvcGFyYWdyYXBoeXckNmFiZDQxMjEtYTk3Yy00NDMwLWI0YjMtNTkyOGQ2YWE0YTI0eHeMAzxwPjxzdHJvbmc+SGllciBpc3QgbWVpbmUgZ2VuYXVlIEFkcmVzc2UgbmljaHQgYW5nZWdlYmVuLCBkYSBkZXIgVmVya2F1ZiBhdXNzY2hsaWXDn2xpY2ggw7xiZXIgZGllIEzDpGRlbiBsw6R1ZnQuIERhIGljaCBiZWkgS3VuZGVuZ2VzcHLDpGNoZW4gaW4gZGVuIEzDpGRlbiBmZXN0Z2VzdGVsbHQgaGFiZSwgZGFzcyB2aWVsZSBLdW5kZW4gZGVyIE1laW51bmcgc2luZCwgZGFzcyBhdWNoIGltbWVyIGJlaSBkZW0gS8O8bnN0bGVyIHp1IEhhdXNlIGVpbiBWZXJrYXVmIHN0YXR0ZmluZGV0LCBoYWJlIGljaCByZWluIHZvcnNvcmdsaWNoIG1laW5lIEFkcmVzc2UgYXVmIGRpZXNlciBTZWl0ZSBnZWzDtnNjaHQsIGRhIGRpZXMgYmVpIG1pciBuaWNodCBkZXIgRmFsbCBpc3QuPC9zdHJvbmc+PC9wPncOY29yZS9wYXJhZ3JhcGh5eHdRPHA+S3JhbmtoZWl0c2JlZGluZ3QgZmluZGVuIFNpZSBtZWluZSBQcm9kdWt0ZSBhdWNoIGF1ZiBrZWluZW4gTcOkcmt0ZW4gbWVoci48L3A+dw5jb3JlL3BhcmFncmFwaHl3JDJhM2IwZmM5LWIxM2MtNGNmNS05ZDVmLWEwYzg1MTkxMGQzYnh38AE8cD5JY2ggc2VsYnN0IGhhYmUgd2VkZXIgZWluIExhZGVuZ2VzY2jDpGZ0IG5vY2ggZWluZW4gT25saW5lc2hvcC4gQXVjaCBmaW5kZXQga2VpbiBWZXJrYXVmIGluIG1laW5lciBXb2hudW5nIHN0YXR0LCBkYSBtZWluIE1pZXR2ZXJ0cmFnIGRpZXMgdmVyYmlldGV0LiBFaW4gQmVzdWNoIGJlaSBtaXIgd8O8cmRlIHNpY2ggbmljaHQgbG9obmVuLCBkYSBpY2gga2VpbmUgQXVzbmFobWVuIG1hY2hlbiB3w7xyZGUuIDwvcD53DmNvcmUvcGFyYWdyYXBoeXckNTRmYWRhYjgtMzE2NS00YTRkLWJiMDctNzg5MTU5ZjE3MmZkeHdBPHA+QmVzdGVsbHVuZ2VuIGluIGVpbmVtIExhZGVuIGJpdHRlIGljaCBhdWNoIGRvcnQgYWJ6dWhvbGVuLjwvcD53DmNvcmUvcGFyYWdyYXBoeXh3OjxwPjxzdHJvbmc+wqkgMjAyNSB8IFRpbmEgSG9mbWFubiB8IE7DvHJuYmVyZzwvc3Ryb25nPjwvcD53DmNvcmUvcGFyYWdyYXBoeXckMGYwMjdkMDUtNDA1OS00OTliLWFlNWYtOWFlNjcxNzhjOGQ3dyRiNTJhODI1MC1mNTNkLTQzM2UtODY3Zi0yZGM5ZGEwM2ZmZTID3fWXiA4HjAEDBAVoAj0AngEFhAEDCACPlen0BAEABrrLnsoCewAAKDUcAAEEAQIBBAEEAQcBAgIBAQABAgICAQEEBAEAAgMBAgIBAQQCAwEBAQMBAAMAAQABAgEFAgABAj8pAgQBAQQJAQ8FBQEGAQYBFQEAAQEBAAIAAQEBAwECAwICEgECAQwEBgEIAQMBAwIBAQEBAgEMAQMBET5\/AgEBAQEbAQYBDAEOAQABBAELAQABGAEXAQMBSAImAQIBRgEBAQABLwEFAQsBAgEDAQIBBQEDAQIBEwMPAggBAAERAQQBYwEDAWeZBwBHCCN8CaACAogGhwMABUi1AgASACUCYgYIEAxeA14KYAReAV8FXgFipwEBF14OYGIIPgQBAQ==\",\"updateId\":564333466}","footnotes":""},"class_list":["post-1178","page","type-page","status-publish","hentry"],"_links":{"self":[{"href":"https:\/\/tinas-bunte-tierwelt.de\/index.php?rest_route=\/wp\/v2\/pages\/1178","targetHints":{"allow":["GET"]}}],"collection":[{"href":"https:\/\/tinas-bunte-tierwelt.de\/index.php?rest_route=\/wp\/v2\/pages"}],"about":[{"href":"https:\/\/tinas-bunte-tierwelt.de\/index.php?rest_route=\/wp\/v2\/types\/page"}],"author":[{"embeddable":true,"href":"https:\/\/tinas-bunte-tierwelt.de\/index.php?rest_route=\/wp\/v2\/users\/1"}],"replies":[{"embeddable":true,"href":"https:\/\/tinas-bunte-tierwelt.de\/index.php?rest_route=%2Fwp%2Fv2%2Fcomments&post=1178"}],"version-history":[{"count":15,"href":"https:\/\/tinas-bunte-tierwelt.de\/index.php?rest_route=\/wp\/v2\/pages\/1178\/revisions"}],"predecessor-version":[{"id":3350,"href":"https:\/\/tinas-bunte-tierwelt.de\/index.php?rest_route=\/wp\/v2\/pages\/1178\/revisions\/3350"}],"wp:attachment":[{"href":"https:\/\/tinas-bunte-tierwelt.de\/index.php?rest_route=%2Fwp%2Fv2%2Fmedia&parent=1178"}],"curies":[{"name":"wp","href":"https:\/\/api.w.org\/{rel}","templated":true}]}}